{"id":3876,"date":"2025-10-03T10:42:12","date_gmt":"2025-10-03T08:42:12","guid":{"rendered":"https:\/\/engelaere-editions.com\/blog\/?post_type=product&#038;p=3876"},"modified":"2025-10-13T17:53:45","modified_gmt":"2025-10-13T15:53:45","slug":"denis-lefebvre-guy-mollet-et-arras-%c2%b7-1925-1975","status":"publish","type":"product","link":"https:\/\/engelaere-editions.com\/blog\/produit\/denis-lefebvre-guy-mollet-et-arras-%c2%b7-1925-1975\/","title":{"rendered":"Denis Lefebvre : GUY MOLLET ET ARRAS \u00b7 1925-1975"},"content":{"rendered":"<p><strong>Guy Mollet<\/strong> a \u00e9t\u00e9 un homme cl\u00e9 de la vie politique fran\u00e7aise. Secr\u00e9taire g\u00e9n\u00e9ral du Parti socialiste SFIO de 1946 \u00e0 1969, pr\u00e9sident du Conseil des ministres entre 1956 et 1957, il fut aussi d\u00e9put\u00e9 du Pas-de-Calais et maire d\u2019Arras de 1945 \u00e0 son d\u00e9c\u00e8s en 1975.<br \/>\n\u00c0 partir d\u2019archives en grande partie in\u00e9dites, de t\u00e9moignages et de documents peu connus, cet essai revient sur le militant socialiste, et permet de comprendre comment il a pu sortir de l\u2019ombre \u00e0 la Lib\u00e9ration puis s\u2019installer au c\u0153ur de la vie publique de notre pays. On le suit dans ses nombreuses campagnes \u00e9lectorales, souvent tendues. On le voit aussi parmi les siens, ses camarades d\u2019Arras, dans des r\u00e9unions internes o\u00f9 il se confie. On voit enfin appara\u00eetre l\u2019homme Guy Mollet derri\u00e8re le politique, avec ses blessures, parfois ses col\u00e8res.<\/p>\n<p style=\"text-align: left;\">Arrageois d\u2019origine, secr\u00e9taire g\u00e9n\u00e9ral de l\u2019OURS (Office universitaire de recherche socialiste), chroniqueur r\u00e9gulier \u00e0 <em>Historia<\/em> et <em>Franc-Ma\u00e7onnerie magazine<\/em>, ancien journaliste, <strong>Denis Lefebvre<\/strong> a publi\u00e9 une vingtaine de biographies et d\u2019essais historiques depuis son premier livre, <em>Guy Mollet le mal aim\u00e9<\/em> (Plon, 1992).<\/p>\n","protected":false},"excerpt":{"rendered":"<p><strong>Nouveaut\u00e9<\/strong><\/p>\n<p>190 pages \u00b7 130 x 205 mm \u00b7 Livret 32 photos inclus \u00b7 16 \u20ac \u00b7 ISBN 978-2-917621-58-5<\/p>\n","protected":false},"featured_media":3877,"template":"","meta":[],"product_brand":[],"product_cat":[129],"product_tag":[],"class_list":{"0":"post-3876","1":"product","2":"type-product","3":"status-publish","4":"has-post-thumbnail","6":"product_cat-non-classe","7":"product_shipping_class-petit","9":"first","10":"instock","11":"shipping-taxable","12":"purchasable","13":"product-type-simple"},"aioseo_notices":[],"_links":{"self":[{"href":"https:\/\/engelaere-editions.com\/blog\/wp-json\/wp\/v2\/product\/3876","targetHints":{"allow":["GET"]}}],"collection":[{"href":"https:\/\/engelaere-editions.com\/blog\/wp-json\/wp\/v2\/product"}],"about":[{"href":"https:\/\/engelaere-editions.com\/blog\/wp-json\/wp\/v2\/types\/product"}],"wp:featuredmedia":[{"embeddable":true,"href":"https:\/\/engelaere-editions.com\/blog\/wp-json\/wp\/v2\/media\/3877"}],"wp:attachment":[{"href":"https:\/\/engelaere-editions.com\/blog\/wp-json\/wp\/v2\/media?parent=3876"}],"wp:term":[{"taxonomy":"product_brand","embeddable":true,"href":"https:\/\/engelaere-editions.com\/blog\/wp-json\/wp\/v2\/product_brand?post=3876"},{"taxonomy":"product_cat","embeddable":true,"href":"https:\/\/engelaere-editions.com\/blog\/wp-json\/wp\/v2\/product_cat?post=3876"},{"taxonomy":"product_tag","embeddable":true,"href":"https:\/\/engelaere-editions.com\/blog\/wp-json\/wp\/v2\/product_tag?post=3876"}],"curies":[{"name":"wp","href":"https:\/\/api.w.org\/{rel}","templated":true}]}}