{"id":3841,"date":"2025-06-15T20:08:51","date_gmt":"2025-06-15T18:08:51","guid":{"rendered":"https:\/\/engelaere-editions.com\/blog\/?post_type=product&#038;p=3841"},"modified":"2025-06-16T17:30:01","modified_gmt":"2025-06-16T15:30:01","slug":"new-work-world-god-good-love-lore-%c2%b7-100-works-of-concrete-poetry-regis-lesieux","status":"publish","type":"product","link":"https:\/\/engelaere-editions.com\/blog\/produit\/new-work-world-god-good-love-lore-%c2%b7-100-works-of-concrete-poetry-regis-lesieux\/","title":{"rendered":"NEW Work\/World\/God\/Good\/Love\/Lore \u00b7 100 Works of Concrete Poetry : R\u00e9gis Lesieux"},"content":{"rendered":"<p>In this book, you will find a bit more than 100 micro poems offering glimpses into how R\u00e9gis Lesieux sees and lives the world he evolves in, going from sad considerations to then more optimistic ones. In a way, the 6 chapters in this book represent his journey towards Happiness.<\/p>\n<blockquote><p>Dans ce livre, vous trouverez un peu plus de 100 micropo\u00e8mes offrant quelques aper\u00e7us de la mani\u00e8re dont R\u00e9gis Lesieux per\u00e7oit et vit le monde dans lequel il \u00e9volue, allant de r\u00e9flexions tristes \u00e0 d\u2019autres plus optimistes. D\u2019une certaine fa\u00e7on, les 6 chapitres de ce livre repr\u00e9sentent son cheminement vers le Bonheur.<\/p><\/blockquote>\n","protected":false},"excerpt":{"rendered":"<p>Format : 29,7 x 21 cm \u00b7 114 pages en couleur \u00b7 ISBN 978-2-917621-57-8<\/p>\n","protected":false},"featured_media":3842,"template":"","meta":[],"product_brand":[],"product_cat":[95,99,102,135],"product_tag":[],"class_list":{"0":"post-3841","1":"product","2":"type-product","3":"status-publish","4":"has-post-thumbnail","6":"product_cat-beaux-livres","7":"product_cat-livres-dart","8":"product_cat-nouveautes","9":"product_cat-poesie","10":"product_shipping_class-petit","12":"first","13":"instock","14":"shipping-taxable","15":"purchasable","16":"product-type-simple"},"aioseo_notices":[],"_links":{"self":[{"href":"https:\/\/engelaere-editions.com\/blog\/wp-json\/wp\/v2\/product\/3841","targetHints":{"allow":["GET"]}}],"collection":[{"href":"https:\/\/engelaere-editions.com\/blog\/wp-json\/wp\/v2\/product"}],"about":[{"href":"https:\/\/engelaere-editions.com\/blog\/wp-json\/wp\/v2\/types\/product"}],"wp:featuredmedia":[{"embeddable":true,"href":"https:\/\/engelaere-editions.com\/blog\/wp-json\/wp\/v2\/media\/3842"}],"wp:attachment":[{"href":"https:\/\/engelaere-editions.com\/blog\/wp-json\/wp\/v2\/media?parent=3841"}],"wp:term":[{"taxonomy":"product_brand","embeddable":true,"href":"https:\/\/engelaere-editions.com\/blog\/wp-json\/wp\/v2\/product_brand?post=3841"},{"taxonomy":"product_cat","embeddable":true,"href":"https:\/\/engelaere-editions.com\/blog\/wp-json\/wp\/v2\/product_cat?post=3841"},{"taxonomy":"product_tag","embeddable":true,"href":"https:\/\/engelaere-editions.com\/blog\/wp-json\/wp\/v2\/product_tag?post=3841"}],"curies":[{"name":"wp","href":"https:\/\/api.w.org\/{rel}","templated":true}]}}