{"id":3538,"date":"2022-12-01T09:51:37","date_gmt":"2022-12-01T08:51:37","guid":{"rendered":"https:\/\/engelaere-editions.com\/blog\/?post_type=product&#038;p=3538"},"modified":"2024-02-16T11:53:36","modified_gmt":"2024-02-16T10:53:36","slug":"la-lady-et-les-killers-claude-tillier","status":"publish","type":"product","link":"https:\/\/engelaere-editions.com\/blog\/produit\/la-lady-et-les-killers-claude-tillier\/","title":{"rendered":"La Lady et les Killers : Claude Tillier"},"content":{"rendered":"<p>Une s\u00e9rie de meurtres, une Lady, des enqu\u00eateurs, des Killers.<br \/>\nUn dr\u00f4le de polar, mieux encore, un polar dr\u00f4le. Autant maison de retraite que discoth\u00e8que.<br \/>\nVous ne verrez plus les grands-m\u00e8res de la m\u00eame mani\u00e8re !<\/p>\n<blockquote><p>N\u00e9 en 1965 au Touquet, Claude Tillier habite \u00e0 Amiens o\u00f9 il travaille comme animateur culturel \u00e0 la Maison de Jules Verne. Il y \u00ab\u2009r\u00e9side\u2009\u00bb depuis une vingtaine d&rsquo;ann\u00e9es, soit plus longtemps que Jules Verne lui-m\u00eame, et y anime des ateliers d&rsquo;\u00e9criture. Passionn\u00e9 de litt\u00e9rature de genre, London, King et Dick fa\u00e7onnent son univers.<\/p><\/blockquote>\n<p><strong>Les m\u00e9dias en parlent :<\/strong><\/p>\n<p><a href=\"https:\/\/www.amiens.fr\/Liens-utiles\/JDA\/Les-plus-du-JDA\/articles\/Les-livres-d-ici\">https:\/\/www.amiens.fr\/Liens-utiles\/JDA\/Les-plus-du-JDA\/articles\/Les-livres-d-ici<\/a><\/p>\n<p><a href=\"https:\/\/engelaere-editions.com\/blog\/?attachment_id=3724\" rel=\"attachment wp-att-3724\"><img loading=\"lazy\" decoding=\"async\" class=\"alignnone size-medium wp-image-3724\" src=\"https:\/\/engelaere-editions.com\/blog\/wp-content\/uploads\/2022\/12\/ARTICLE-STYLECO-LA-LADY-ET-LES-KILLERS-305x400.jpg\" alt=\"\" width=\"305\" height=\"400\" srcset=\"https:\/\/engelaere-editions.com\/blog\/wp-content\/uploads\/2022\/12\/ARTICLE-STYLECO-LA-LADY-ET-LES-KILLERS-305x400.jpg 305w, https:\/\/engelaere-editions.com\/blog\/wp-content\/uploads\/2022\/12\/ARTICLE-STYLECO-LA-LADY-ET-LES-KILLERS-780x1024.jpg 780w, https:\/\/engelaere-editions.com\/blog\/wp-content\/uploads\/2022\/12\/ARTICLE-STYLECO-LA-LADY-ET-LES-KILLERS-768x1008.jpg 768w, https:\/\/engelaere-editions.com\/blog\/wp-content\/uploads\/2022\/12\/ARTICLE-STYLECO-LA-LADY-ET-LES-KILLERS-1170x1536.jpg 1170w, https:\/\/engelaere-editions.com\/blog\/wp-content\/uploads\/2022\/12\/ARTICLE-STYLECO-LA-LADY-ET-LES-KILLERS-624x819.jpg 624w, https:\/\/engelaere-editions.com\/blog\/wp-content\/uploads\/2022\/12\/ARTICLE-STYLECO-LA-LADY-ET-LES-KILLERS-200x263.jpg 200w, https:\/\/engelaere-editions.com\/blog\/wp-content\/uploads\/2022\/12\/ARTICLE-STYLECO-LA-LADY-ET-LES-KILLERS-300x394.jpg 300w, https:\/\/engelaere-editions.com\/blog\/wp-content\/uploads\/2022\/12\/ARTICLE-STYLECO-LA-LADY-ET-LES-KILLERS.jpg 1350w\" sizes=\"auto, (max-width: 305px) 100vw, 305px\" \/><\/a><\/p>\n","protected":false},"excerpt":{"rendered":"<h5>NOUVEAUT\u00c9<\/h5>\n<p><strong>216 pages \u00b7 Format 120 x 205 mm \u00b7 ISBN 978-2-917621-42-4<\/strong><\/p>\n","protected":false},"featured_media":3546,"template":"","meta":[],"product_brand":[],"product_cat":[102,106,100],"product_tag":[161,160,159],"class_list":{"0":"post-3538","1":"product","2":"type-product","3":"status-publish","4":"has-post-thumbnail","6":"product_cat-nouveautes","7":"product_cat-polars","8":"product_cat-roman","9":"product_tag-claude-tillier","10":"product_tag-killers","11":"product_tag-lady","12":"product_shipping_class-petit","14":"first","15":"instock","16":"shipping-taxable","17":"purchasable","18":"product-type-simple"},"aioseo_notices":[],"_links":{"self":[{"href":"https:\/\/engelaere-editions.com\/blog\/wp-json\/wp\/v2\/product\/3538","targetHints":{"allow":["GET"]}}],"collection":[{"href":"https:\/\/engelaere-editions.com\/blog\/wp-json\/wp\/v2\/product"}],"about":[{"href":"https:\/\/engelaere-editions.com\/blog\/wp-json\/wp\/v2\/types\/product"}],"wp:featuredmedia":[{"embeddable":true,"href":"https:\/\/engelaere-editions.com\/blog\/wp-json\/wp\/v2\/media\/3546"}],"wp:attachment":[{"href":"https:\/\/engelaere-editions.com\/blog\/wp-json\/wp\/v2\/media?parent=3538"}],"wp:term":[{"taxonomy":"product_brand","embeddable":true,"href":"https:\/\/engelaere-editions.com\/blog\/wp-json\/wp\/v2\/product_brand?post=3538"},{"taxonomy":"product_cat","embeddable":true,"href":"https:\/\/engelaere-editions.com\/blog\/wp-json\/wp\/v2\/product_cat?post=3538"},{"taxonomy":"product_tag","embeddable":true,"href":"https:\/\/engelaere-editions.com\/blog\/wp-json\/wp\/v2\/product_tag?post=3538"}],"curies":[{"name":"wp","href":"https:\/\/api.w.org\/{rel}","templated":true}]}}