{"id":3402,"date":"2022-03-12T14:27:03","date_gmt":"2022-03-12T13:27:03","guid":{"rendered":"https:\/\/engelaere-editions.com\/blog\/?post_type=product&#038;p=3402"},"modified":"2023-12-16T16:56:40","modified_gmt":"2023-12-16T15:56:40","slug":"moi-ali-fils-de-harki-%c2%b7-un-recit-dali-sakri-recueilli-par-sabine-godard","status":"publish","type":"product","link":"https:\/\/engelaere-editions.com\/blog\/produit\/moi-ali-fils-de-harki-%c2%b7-un-recit-dali-sakri-recueilli-par-sabine-godard\/","title":{"rendered":"Moi, Ali fils de harki \u00b7 Un r\u00e9cit d&rsquo;Ali Sakri recueilli par Sabine Godard"},"content":{"rendered":"<p>Je suis n\u00e9 dans la r\u00e9gion de M\u00e9d\u00e9a, en Alg\u00e9rie. J\u2019avais quatre ans en novembre 1954. L\u2019insurrection alg\u00e9rienne allait profond\u00e9ment bouleverser le destin de ma famille.<\/p>\n<p>Mon grand-p\u00e8re Yahia, agriculteur, fut enlev\u00e9 et tu\u00e9 par le FLN, une nuit d\u2019avril 1957. Un crime qui poussa mon p\u00e8re \u00e0 rejoindre, malgr\u00e9 lui, les rangs de l\u2019arm\u00e9e fran\u00e7aise comme harki. Cette guerre qui ne voulait pas dire son nom m\u2019a vol\u00e9 mon enfance et priv\u00e9 de l\u2019amour d\u2019un grand-p\u00e8re puis nous a pouss\u00e9s vers l\u2019exil.<\/p>\n<p>D\u2019Ouled Trif \u00e0 Berteaucourt-les-Dames, m\u00e9moire et r\u00e9cit d\u2019une famille meurtrie.<\/p>\n<blockquote><p>Ali Sakri est n\u00e9 en janvier 1950 \u00e0 Ouled Trif, dans la r\u00e9gion de M\u00e9d\u00e9a, en Alg\u00e9rie. Il arrive en France m\u00e9tropole en juin 1962, avec son p\u00e8re, harki d\u00e9mobilis\u00e9 et sa famille. Habitant de Berteaucourt-les-Dames, dans la vall\u00e9e de la Ni\u00e8vre, il a men\u00e9 une carri\u00e8re d\u2019agent de ma\u00eetrise dans une usine de fabrication de pneumatiques \u00e0 Amiens.<\/p>\n<p>Apr\u00e8s des \u00e9tudes d\u2019histoire, Sabine Godard s\u2019est orient\u00e9e vers le journalisme. Dipl\u00f4m\u00e9e du CELSA, elle a entam\u00e9 sa carri\u00e8re \u00e0 France T\u00e9l\u00e9visions o\u00f9 elle est devenue grand reporter. Son envie de t\u00e9moigner l\u2019a naturellement amen\u00e9e vers le documentaire. Elle \u00e9crit et r\u00e9alise des documentaires. Reporter d&rsquo;images et photographe elle ajoute cette sensibilit\u00e9 \u00e0 ses r\u00e9cits. Elle est co-auteur avec Bernard\u00a0Godard\u00a0du livre <em>Baie de Somme, terre nourrici\u00e8re<\/em>.<\/p>\n<p>Ali Sakri et Sabine Godard se connaissent depuis plus de vingt ans, ensemble ils nous livrent ce r\u00e9cit \u00e9mouvant.<\/p><\/blockquote>\n","protected":false},"excerpt":{"rendered":"<p>292 pages \u00b7 130 x 205 mm \u00b7 couverture avec bandeau \u00b7 16 \u20ac \u00b7 ISBN 978-2-917621-52-3<\/p>\n","protected":false},"featured_media":3403,"template":"","meta":[],"product_brand":[],"product_cat":[104,102],"product_tag":[144,154,146,151,152,145,148,141,140,149,155,143,150,153,147,142],"class_list":{"0":"post-3402","1":"product","2":"type-product","3":"status-publish","4":"has-post-thumbnail","6":"product_cat-biographies","7":"product_cat-nouveautes","8":"product_tag-algerie","9":"product_tag-ali-fils-de-harki","10":"product_tag-ali-sakri","11":"product_tag-amiens","12":"product_tag-berteaucourt-les-dames","13":"product_tag-commemoration","14":"product_tag-engelaere-editions","15":"product_tag-guerre-dalgerie","16":"product_tag-harkis","17":"product_tag-harkis-de-picardie","18":"product_tag-livre","19":"product_tag-massacre","20":"product_tag-memoire","21":"product_tag-moi","22":"product_tag-sabine-godard","23":"product_tag-temoignage","24":"product_shipping_class-petit","26":"first","27":"instock","28":"featured","29":"shipping-taxable","30":"purchasable","31":"product-type-simple"},"aioseo_notices":[],"_links":{"self":[{"href":"https:\/\/engelaere-editions.com\/blog\/wp-json\/wp\/v2\/product\/3402","targetHints":{"allow":["GET"]}}],"collection":[{"href":"https:\/\/engelaere-editions.com\/blog\/wp-json\/wp\/v2\/product"}],"about":[{"href":"https:\/\/engelaere-editions.com\/blog\/wp-json\/wp\/v2\/types\/product"}],"wp:featuredmedia":[{"embeddable":true,"href":"https:\/\/engelaere-editions.com\/blog\/wp-json\/wp\/v2\/media\/3403"}],"wp:attachment":[{"href":"https:\/\/engelaere-editions.com\/blog\/wp-json\/wp\/v2\/media?parent=3402"}],"wp:term":[{"taxonomy":"product_brand","embeddable":true,"href":"https:\/\/engelaere-editions.com\/blog\/wp-json\/wp\/v2\/product_brand?post=3402"},{"taxonomy":"product_cat","embeddable":true,"href":"https:\/\/engelaere-editions.com\/blog\/wp-json\/wp\/v2\/product_cat?post=3402"},{"taxonomy":"product_tag","embeddable":true,"href":"https:\/\/engelaere-editions.com\/blog\/wp-json\/wp\/v2\/product_tag?post=3402"}],"curies":[{"name":"wp","href":"https:\/\/api.w.org\/{rel}","templated":true}]}}