{"id":3360,"date":"2021-06-30T14:47:10","date_gmt":"2021-06-30T12:47:10","guid":{"rendered":"https:\/\/engelaere-editions.com\/blog\/?post_type=product&#038;p=3360"},"modified":"2023-12-16T16:57:15","modified_gmt":"2023-12-16T15:57:15","slug":"tea-time-sam-savreux","status":"publish","type":"product","link":"https:\/\/engelaere-editions.com\/blog\/produit\/tea-time-sam-savreux\/","title":{"rendered":"Tea Time : Sam Savreux"},"content":{"rendered":"<p>Le Chapelier Fou \u2013 Qu\u2019on m\u2019apporte, apportez-moi z\u2019une tasse de\u2026 h\u00e9 sans T\u00a0!\u2026 Ou qu\u2019on lui coupe la t\u00eate\u00a0!\u2026 Celle du T\u00a0?\u2026 Je crois\u2026 Et hop\u00a0! Op\u00e9rez\u00a0!\u2026 Quoi\u00a0? L\u2019impasse du T\u2026 Avez-vous de la fi\u00e8vre\u00a0? J\u2019en ai\u00a0!\u2026 Et voyez bien ce petit doigt, oh\u00a0!\u2026 Comme il se l\u00e8ve\u2026 Et puis je bois\u00a0!\u2026 Mais\u2026 \u00e0 Alice\u2026 d\u00e9livrez-moi de vos l\u00e8vres\u00a0!\u2026 Je vous demande pardon\u00a0?\u2026 Je voulais dire osez\u00a0!\u2026 Du T au D\u2026 Une _asse de _\u00e9\u00a0!\u2026 L\u2019impasse du T\u00a0!\u2026 En anglais, cul\u00a0!\u2026 Aspirez\u00a0!\u2026 Une\u2026 hase de\u2026 haie\u00a0?\u2026 La femelle du\u2026 au Li\u00e8vre\u2026 Ou qu\u2019on lui coupe la t\u00eate \u00e0 la hache du T\u00a0!\u2026 Sucr\u00e9, s\u2019il vous pla\u00eet, je suis le chapelier\u00a0!\u2026<\/p>\n<blockquote><p>Tea time, ou \u00ab l\u2019heure de la v\u00e9rit\u00e9 \u00bb, est un po\u00e8me th\u00e9\u00e2tral, une collection de trous bond\u00e9s d\u2019humour m\u00e9lancolique et d\u2019une ind\u00e9niable beaut\u00e9 plastique sur la base de la fragmentation ; Ramiro Oviedo, d\u2019un c\u00f4t\u00e9\u2026 Dory, c\u2019est moi ; Sam Savreux de l\u2019autre, en r\u00e9f\u00e9rence au poisson-chirurgien bleu qui ne cesse de perdre la m\u00e9moire\u2026 C\u2019est \u00e0 une partie de r\u00eaves trou\u00e9s \u00e0 laquelle l\u2019auteur vous invite, soudant le temps comme il peut, ainsi qu\u2019il troue notre chair et son texte\u2026<\/p><\/blockquote>\n<p><em>Chaque exemplaire est num\u00e9rot\u00e9 et suivi d\u2019une photo de l\u2019auteur par Jean-Philippe Pernot en puzzle<\/em><\/p>\n","protected":false},"excerpt":{"rendered":"<p><em>Tea Time<\/em> by Sam \u00b7 Format 17 x 23 cm \u00b7 54 pages \u00b7 ISBN : 978-2-917621-48-6 \u00b7 Prix 14,50 \u20ac<\/p>\n","protected":false},"featured_media":3361,"template":"","meta":[],"product_brand":[],"product_cat":[95,105,135],"product_tag":[],"class_list":{"0":"post-3360","1":"product","2":"type-product","3":"status-publish","4":"has-post-thumbnail","6":"product_cat-beaux-livres","7":"product_cat-langues-regionales","8":"product_cat-poesie","9":"product_shipping_class-petit","11":"first","12":"instock","13":"shipping-taxable","14":"purchasable","15":"product-type-simple"},"aioseo_notices":[],"_links":{"self":[{"href":"https:\/\/engelaere-editions.com\/blog\/wp-json\/wp\/v2\/product\/3360","targetHints":{"allow":["GET"]}}],"collection":[{"href":"https:\/\/engelaere-editions.com\/blog\/wp-json\/wp\/v2\/product"}],"about":[{"href":"https:\/\/engelaere-editions.com\/blog\/wp-json\/wp\/v2\/types\/product"}],"wp:featuredmedia":[{"embeddable":true,"href":"https:\/\/engelaere-editions.com\/blog\/wp-json\/wp\/v2\/media\/3361"}],"wp:attachment":[{"href":"https:\/\/engelaere-editions.com\/blog\/wp-json\/wp\/v2\/media?parent=3360"}],"wp:term":[{"taxonomy":"product_brand","embeddable":true,"href":"https:\/\/engelaere-editions.com\/blog\/wp-json\/wp\/v2\/product_brand?post=3360"},{"taxonomy":"product_cat","embeddable":true,"href":"https:\/\/engelaere-editions.com\/blog\/wp-json\/wp\/v2\/product_cat?post=3360"},{"taxonomy":"product_tag","embeddable":true,"href":"https:\/\/engelaere-editions.com\/blog\/wp-json\/wp\/v2\/product_tag?post=3360"}],"curies":[{"name":"wp","href":"https:\/\/api.w.org\/{rel}","templated":true}]}}