{"id":3350,"date":"2018-06-08T11:00:32","date_gmt":"2018-06-08T09:00:32","guid":{"rendered":"https:\/\/engelaere-editions.com\/blog\/?post_type=product&#038;p=3350"},"modified":"2023-12-16T17:01:04","modified_gmt":"2023-12-16T16:01:04","slug":"le-tableau-noir-claude-tillier","status":"publish","type":"product","link":"https:\/\/engelaere-editions.com\/blog\/produit\/le-tableau-noir-claude-tillier\/","title":{"rendered":"Le Tableau noir : Claude Tillier"},"content":{"rendered":"<blockquote><p>Dans une \u00e9cole de Picardie, \u00e0 Amiens, un meurtre est commis. La principale suspecte, Violaine Dupr\u00e9, est professeur des \u00e9coles. Le lieutenant de police, Sarah Mitchell, est charg\u00e9e de l\u2019enqu\u00eate. Malgr\u00e9 sa profession et un penchant pour la vodka, elle tombe amoureuse de l\u2019enseignante. Quelle sera l\u2019issue de sa qu\u00eate et de son enqu\u00eate\u00a0?<\/p><\/blockquote>\n<p>N\u00e9 en 1965 au Touquet, Claude TILLIER habite \u00e0 Amiens o\u00f9 il travaille comme guide \u00e0 la Maison de Jules Verne. Passionn\u00e9 de litt\u00e9rature de genre, London, King et Dick fa\u00e7onnent son univers.<\/p>\n<p>&nbsp;<\/p>\n<p>&nbsp;<\/p>\n","protected":false},"excerpt":{"rendered":"<h5 align=\"JUSTIFY\"><strong>\u00ab Le Tableau noir \u00bb <\/strong><strong>260 pages au format 12 x 18 cm\u00a0 \u00b7 10 \u20ac \u00b7\u00a0 ISBN 978-2-917621-05-9<br \/>\n<\/strong><\/h5>\n","protected":false},"featured_media":658,"template":"","meta":[],"product_brand":[],"product_cat":[106],"product_tag":[],"class_list":{"0":"post-3350","1":"product","2":"type-product","3":"status-publish","4":"has-post-thumbnail","6":"product_cat-polars","7":"product_shipping_class-petit","9":"first","10":"instock","11":"shipping-taxable","12":"purchasable","13":"product-type-simple"},"aioseo_notices":[],"_links":{"self":[{"href":"https:\/\/engelaere-editions.com\/blog\/wp-json\/wp\/v2\/product\/3350","targetHints":{"allow":["GET"]}}],"collection":[{"href":"https:\/\/engelaere-editions.com\/blog\/wp-json\/wp\/v2\/product"}],"about":[{"href":"https:\/\/engelaere-editions.com\/blog\/wp-json\/wp\/v2\/types\/product"}],"wp:featuredmedia":[{"embeddable":true,"href":"https:\/\/engelaere-editions.com\/blog\/wp-json\/wp\/v2\/media\/658"}],"wp:attachment":[{"href":"https:\/\/engelaere-editions.com\/blog\/wp-json\/wp\/v2\/media?parent=3350"}],"wp:term":[{"taxonomy":"product_brand","embeddable":true,"href":"https:\/\/engelaere-editions.com\/blog\/wp-json\/wp\/v2\/product_brand?post=3350"},{"taxonomy":"product_cat","embeddable":true,"href":"https:\/\/engelaere-editions.com\/blog\/wp-json\/wp\/v2\/product_cat?post=3350"},{"taxonomy":"product_tag","embeddable":true,"href":"https:\/\/engelaere-editions.com\/blog\/wp-json\/wp\/v2\/product_tag?post=3350"}],"curies":[{"name":"wp","href":"https:\/\/api.w.org\/{rel}","templated":true}]}}