{"id":3339,"date":"2021-05-14T14:43:43","date_gmt":"2021-05-14T12:43:43","guid":{"rendered":"https:\/\/engelaere-editions.com\/blog\/?post_type=product&#038;p=3339"},"modified":"2023-12-16T16:57:53","modified_gmt":"2023-12-16T15:57:53","slug":"te-laras-toudis-querre-ii-histoeres-ed-fanmes-especiales-regis-lesieux","status":"publish","type":"product","link":"https:\/\/engelaere-editions.com\/blog\/produit\/te-laras-toudis-querre-ii-histoeres-ed-fanmes-especiales-regis-lesieux\/","title":{"rendered":"T\u00e9 l&rsquo;aras toudis querre II \/ Histo\u00e8res ed fanmes esp\u00e9ciales : R\u00e9gis Lesieux"},"content":{"rendered":"<p><strong>\u00ab\u2009T\u00e9 l\u2019aras toudis querre II \u00bb (Tu l\u2019aimeras toujours II)<\/strong> rassemble des histoires atypiques sur des femmes atypiques. Des histoires sur les violences dont sont victimes les femmes\u00a0: la tromperie de leur mari et les violences domestiques, mais aussi d\u2019une mani\u00e8re plus large celles de la technologie et du monde moderne envers l\u2019\u00catre humain, incarn\u00e9 ici par une femme. Certaines id\u00e9es re\u00e7ues en mati\u00e8re de religion seront balay\u00e9es car le \u00ab\u2009Bon Dieu\u2009\u00bb est peut-\u00eatre en r\u00e9alit\u00e9 une \u00ab\u2009Bonne D\u00e9esse\u2009\u00bb. Ces histoires se d\u00e9roulent un peu partout sur Terre, voire m\u00eame au fond des mers.<br \/>\nCe livre se veut f\u00e9ministe. Il est juste humaniste.<\/p>\n<p><em><strong>\u201cT\u00e9 l\u2019aras toudis querre II\u201d (Thou shalt always love them II)<\/strong> offers atypical stories about atypical women. You will find stories about violence against women such as the cheating on them by their husband and domestic violence, but also in a broader way the violence of technology and of the modern world towards human beings, embodied here by a woman. Certain preconceived ideas on religion will be swept aside as it will be suggested that \u201cGod\u201d is perhaps in reality a \u201cGoddess\u201d. These stories happen in different places on Earth and also at the bottom of the sea. <\/em><br \/>\n<em>This book is meant to be feminist. It is in fact simply humanist.<\/em><\/p>\n<blockquote><p>R\u00e9gis Lesieux fait partie de ces nouveaux auteurs prometteurs qui construisent l\u2019avenir de la litt\u00e9rature en picard, dans l\u2019Oise, mais aussi dans l\u2019ensemble de la R\u00e9gion Hauts-de-France. N\u00e9 en 1967 \u00e0 B\u00e9thune, il a \u00ab\u2009oubli\u00e9\u2009\u00bb son picard durant de nombreuses ann\u00e9es avant de le red\u00e9couvrir r\u00e9cemment.<br \/>\nAujourd\u2019hui install\u00e9 dans le sud de l\u2019Oise, il a produit des textes tr\u00e8s originaux. Ses premiers \u00e9crits ont \u00e9t\u00e9 r\u00e9dig\u00e9s dans une langue composite inspir\u00e9e du picard du Pas-de-Calais. Il a choisi aujourd\u2019hui d\u2019utiliser le picard de l\u2019Oise comme support de son expression litt\u00e9raire.<\/p><\/blockquote>\n<p>&nbsp;<\/p>\n","protected":false},"excerpt":{"rendered":"<p>170 pages \u00b7 format 17 x 23 cm \u00b7 14,20 \u20ac<br \/>\nISBN 978-2-917621-51-6<\/p>\n","protected":false},"featured_media":3340,"template":"","meta":[],"product_brand":[],"product_cat":[105,102,113],"product_tag":[],"class_list":{"0":"post-3339","1":"product","2":"type-product","3":"status-publish","4":"has-post-thumbnail","6":"product_cat-langues-regionales","7":"product_cat-nouveautes","8":"product_cat-nouvelles","9":"product_shipping_class-petit","11":"first","12":"instock","13":"shipping-taxable","14":"purchasable","15":"product-type-simple"},"aioseo_notices":[],"_links":{"self":[{"href":"https:\/\/engelaere-editions.com\/blog\/wp-json\/wp\/v2\/product\/3339","targetHints":{"allow":["GET"]}}],"collection":[{"href":"https:\/\/engelaere-editions.com\/blog\/wp-json\/wp\/v2\/product"}],"about":[{"href":"https:\/\/engelaere-editions.com\/blog\/wp-json\/wp\/v2\/types\/product"}],"wp:featuredmedia":[{"embeddable":true,"href":"https:\/\/engelaere-editions.com\/blog\/wp-json\/wp\/v2\/media\/3340"}],"wp:attachment":[{"href":"https:\/\/engelaere-editions.com\/blog\/wp-json\/wp\/v2\/media?parent=3339"}],"wp:term":[{"taxonomy":"product_brand","embeddable":true,"href":"https:\/\/engelaere-editions.com\/blog\/wp-json\/wp\/v2\/product_brand?post=3339"},{"taxonomy":"product_cat","embeddable":true,"href":"https:\/\/engelaere-editions.com\/blog\/wp-json\/wp\/v2\/product_cat?post=3339"},{"taxonomy":"product_tag","embeddable":true,"href":"https:\/\/engelaere-editions.com\/blog\/wp-json\/wp\/v2\/product_tag?post=3339"}],"curies":[{"name":"wp","href":"https:\/\/api.w.org\/{rel}","templated":true}]}}