{"id":3279,"date":"2020-11-14T18:20:10","date_gmt":"2020-11-14T17:20:10","guid":{"rendered":"https:\/\/engelaere-editions.com\/blog\/?post_type=product&#038;p=3279"},"modified":"2023-12-16T16:59:59","modified_gmt":"2023-12-16T15:59:59","slug":"busiaches-et-ramintuvries-%c2%b7-pierre-delannoy","status":"publish","type":"product","link":"https:\/\/engelaere-editions.com\/blog\/produit\/busiaches-et-ramintuvries-%c2%b7-pierre-delannoy\/","title":{"rendered":"Busiaches et ramintuvries \u00b7 Pierre Delannoy"},"content":{"rendered":"<blockquote><p><strong>Pierre Delannoy<\/strong> est un vrai Art\u00e9sien. <em>Art\u00e9jien ti\u00eate ed kien<\/em>, oserait-on dire car l\u2019auteur est comme les Arrageois assi\u00e9g\u00e9s par les troupes de Louis XIV qui r\u00e9pondaient aux Fran\u00e7ais qui les sommaient de se rendre \u00ab Quand les Fran\u00e7ais prindront Arras les souris mingeront les cats \u00bb\u00a0: il r\u00e9siste pour ne pas perdre sa libert\u00e9 et sa fiert\u00e9.<br \/>\nCe qui frappe de suite dans la po\u00e9sie de Pierre Delannoy, c\u2019est la v\u00e9rit\u00e9 du discours, la volont\u00e9 d\u2019\u00eatre honn\u00eate avec soi-m\u00eame. Tout ce qui compte et a compt\u00e9 pour lui est ici r\u00e9uni.<br \/>\nPierre Delannoy est historien, linguiste, sociologue, psychologue, voire m\u00eame entomologiste. Il est avant tout un humaniste et surtout un honn\u00eate homme, un \u00ab brafe \u00bb comme on dit en Artois.<\/p>\n<p><strong>Pr\u00e9face de Anne Tiberghien, Pr\u00e9sidente de l\u2019Agence r\u00e9gionale de la langue picarde<\/strong><\/p>\n<p><strong>Photo de quatri\u00e8me de couverture : Carl Uytterhaegen<\/strong><\/p><\/blockquote>\n<p>&nbsp;<\/p>\n<p><img loading=\"lazy\" decoding=\"async\" class=\"wp-image-3272 alignleft\" src=\"https:\/\/engelaere-editions.com\/blog\/wp-content\/uploads\/2020\/11\/P_DELANNOY_PHOTO-edited-400x400.jpg\" alt=\"\" width=\"234\" height=\"234\" srcset=\"https:\/\/engelaere-editions.com\/blog\/wp-content\/uploads\/2020\/11\/P_DELANNOY_PHOTO-edited-400x400.jpg 400w, https:\/\/engelaere-editions.com\/blog\/wp-content\/uploads\/2020\/11\/P_DELANNOY_PHOTO-edited-200x200.jpg 200w, https:\/\/engelaere-editions.com\/blog\/wp-content\/uploads\/2020\/11\/P_DELANNOY_PHOTO-edited-100x100.jpg 100w, https:\/\/engelaere-editions.com\/blog\/wp-content\/uploads\/2020\/11\/P_DELANNOY_PHOTO-edited-300x300.jpg 300w, https:\/\/engelaere-editions.com\/blog\/wp-content\/uploads\/2020\/11\/P_DELANNOY_PHOTO-edited-1024x1024.jpg 1024w, https:\/\/engelaere-editions.com\/blog\/wp-content\/uploads\/2020\/11\/P_DELANNOY_PHOTO-edited-768x768.jpg 768w, https:\/\/engelaere-editions.com\/blog\/wp-content\/uploads\/2020\/11\/P_DELANNOY_PHOTO-edited-1536x1536.jpg 1536w, https:\/\/engelaere-editions.com\/blog\/wp-content\/uploads\/2020\/11\/P_DELANNOY_PHOTO-edited-2048x2048.jpg 2048w, https:\/\/engelaere-editions.com\/blog\/wp-content\/uploads\/2020\/11\/P_DELANNOY_PHOTO-edited-144x144.jpg 144w\" sizes=\"auto, (max-width: 234px) 100vw, 234px\" \/>Pierre Delannoy, Rosati, petit-fils et fils d\u2019ouvriers et d\u2019employ\u00e9s des mines du Pas-de-Calais est n\u00e9 en 1946 sur le carreau de la fosse d\u2019\u00c9linghen dans le Boulonnais (historiquement l\u2019une des premi\u00e8res mines de charbon en France). Il a pass\u00e9 la plus grande partie de son enfance \u00e0 Auchel, dans le bassin minier du Pas-de-Calais o\u00f9, apr\u00e8s l\u2019obtention d\u2019une ma\u00eetrise de g\u00e9ographie, il est devenu enseignant en lyc\u00e9e. Toute sa vie a \u00e9t\u00e9 marqu\u00e9e par un profond engagement pour permettre aux enfants de la classe ouvri\u00e8re d\u2019acc\u00e9der \u00e0 la culture. Il a \u00e9t\u00e9 parmi les premiers coordonnateurs des Zones d\u2019\u00c9ducation Prioritaire de l\u2019Acad\u00e9mie de Lille et a consacr\u00e9 beaucoup de temps et de conviction dans les mouvements d\u2019\u00e9ducation populaire.<br \/>\nChevalier de l\u2019Ordre national du m\u00e9rite, il fut \u00e9galement m\u00e9daille d\u2019or de la ligue fran\u00e7aise de l\u2019enseignement et Rosati d\u2019Artois. En dehors de son engagement social, Pierre Delannoy avait d\u00e9velopp\u00e9 trois passions : la musique (chant choral et instruments anciens), le picard et l\u2019\u00e9criture.<br \/>\nDe ces trois passions sont n\u00e9s le CD <em>Canchons d\u2019ichi et d\u2019achteure<\/em> sorti en 2007 aux <em>\u00c9chos du Pas-de-Calais<\/em>, ainsi que les textes r\u00e9unis dans cet ouvrage.<\/p>\n<p>&nbsp;<\/p>\n<pre><a href=\"https:\/\/engelaere-editions.com\/blog\/wp-content\/uploads\/2020\/11\/Bon-de-commande-Busiaches.pdf\"><em><strong>Bon de commande papier Busiaches et ramintuvries<\/strong><\/em><\/a><\/pre>\n","protected":false},"excerpt":{"rendered":"<h3>\u00c0 para\u00eetre le 12 d\u00e9cembre 2020<\/h3>\n<p>184 pages \u00b7 format 17 x 23 cm \u00b7 15 \u20ac<br \/>\nISBN 978-2-917621-44-8<\/p>\n","protected":false},"featured_media":3285,"template":"","meta":[],"product_brand":[],"product_cat":[105,102,135],"product_tag":[],"class_list":{"0":"post-3279","1":"product","2":"type-product","3":"status-publish","4":"has-post-thumbnail","6":"product_cat-langues-regionales","7":"product_cat-nouveautes","8":"product_cat-poesie","9":"product_shipping_class-petit","11":"first","12":"instock","13":"shipping-taxable","14":"purchasable","15":"product-type-simple"},"aioseo_notices":[],"_links":{"self":[{"href":"https:\/\/engelaere-editions.com\/blog\/wp-json\/wp\/v2\/product\/3279","targetHints":{"allow":["GET"]}}],"collection":[{"href":"https:\/\/engelaere-editions.com\/blog\/wp-json\/wp\/v2\/product"}],"about":[{"href":"https:\/\/engelaere-editions.com\/blog\/wp-json\/wp\/v2\/types\/product"}],"wp:featuredmedia":[{"embeddable":true,"href":"https:\/\/engelaere-editions.com\/blog\/wp-json\/wp\/v2\/media\/3285"}],"wp:attachment":[{"href":"https:\/\/engelaere-editions.com\/blog\/wp-json\/wp\/v2\/media?parent=3279"}],"wp:term":[{"taxonomy":"product_brand","embeddable":true,"href":"https:\/\/engelaere-editions.com\/blog\/wp-json\/wp\/v2\/product_brand?post=3279"},{"taxonomy":"product_cat","embeddable":true,"href":"https:\/\/engelaere-editions.com\/blog\/wp-json\/wp\/v2\/product_cat?post=3279"},{"taxonomy":"product_tag","embeddable":true,"href":"https:\/\/engelaere-editions.com\/blog\/wp-json\/wp\/v2\/product_tag?post=3279"}],"curies":[{"name":"wp","href":"https:\/\/api.w.org\/{rel}","templated":true}]}}