{"id":2750,"date":"2017-11-20T12:19:17","date_gmt":"2017-11-20T11:19:17","guid":{"rendered":"https:\/\/engelaere-editions.com\/blog\/?post_type=product&#038;p=2750"},"modified":"2023-12-16T17:01:12","modified_gmt":"2023-12-16T16:01:12","slug":"cd-electric-chtimi-serial-crieur","status":"publish","type":"product","link":"https:\/\/engelaere-editions.com\/blog\/produit\/cd-electric-chtimi-serial-crieur\/","title":{"rendered":"CD \u00ab\u00a0\u00c9lectric Chtimi\u00a0\u00bb \u00b7 S\u00e9rial Crieur"},"content":{"rendered":"<p><span style=\"color: #ff0000;\"><strong>\u00ab\u00a0Electric Chtimi\u00a0!\u00bb<\/strong><\/span>, c&rsquo;est exactement ce qui d\u00e9finit cet album. Des textes en langue chti-picarde sur de la musique \u00e9lectro-dance.<br \/>\nApr\u00e8s avoir men\u00e9 de nombreux ateliers d&rsquo;\u00e9criture dans les \u201cHauts de France\u201d, puis avoir \u00e9t\u00e9 en repr\u00e9sentation avec son \u00ab\u00a0One man tcho\u00a0\u00bb, <strong><span style=\"color: #ff0000;\">Serial Crieur<\/span><\/strong> livre un album joyeux, festif pleinement dans l&rsquo;esprit des chansonniers chti. Il \u00e9voque sa r\u00e9gion des souvenirs souvent sous l&rsquo;angle humoristique mais aussi parfois sensible ou dans la revendication.<br \/>\nChroniqueur en chti-picard sur France3 Picardie, il est \u00e9galement artiste street-art\/graffiti. D\u00e9fendant la r\u00e9gion \u00ab\u00a0Flandres Artois Picardie\u00a0\u00bb dans des ateliers d&rsquo;\u00e9criture mais aussi au travers\u00e9e r\u00e9alisation de fresques.<br \/>\n<strong>\u201cCh\u2019est eul ducasse\u201d<\/strong>, <strong>\u201cAu Bonheur eud\u2019ch\u00e9s loutes\u201d<\/strong>, <strong>\u201cParis-Roubaix\u201d<\/strong>, <strong>\u201cBeste cletsche\u201d<\/strong>, <strong>\u201cLettre \u00e0 ch\u2019pr\u00e9sidint\u201d<\/strong> entrez dans l\u2019univers <span style=\"color: #ff0000;\">Electric chtimi<\/span>.<\/p>\n","protected":false},"excerpt":{"rendered":"<p>franco de port<\/p>\n","protected":false},"featured_media":2751,"template":"","meta":[],"product_brand":[],"product_cat":[130,105],"product_tag":[],"class_list":{"0":"post-2750","1":"product","2":"type-product","3":"status-publish","4":"has-post-thumbnail","6":"product_cat-cd","7":"product_cat-langues-regionales","8":"product_shipping_class-petit","10":"first","11":"instock","12":"shipping-taxable","13":"purchasable","14":"product-type-simple"},"aioseo_notices":[],"_links":{"self":[{"href":"https:\/\/engelaere-editions.com\/blog\/wp-json\/wp\/v2\/product\/2750","targetHints":{"allow":["GET"]}}],"collection":[{"href":"https:\/\/engelaere-editions.com\/blog\/wp-json\/wp\/v2\/product"}],"about":[{"href":"https:\/\/engelaere-editions.com\/blog\/wp-json\/wp\/v2\/types\/product"}],"wp:featuredmedia":[{"embeddable":true,"href":"https:\/\/engelaere-editions.com\/blog\/wp-json\/wp\/v2\/media\/2751"}],"wp:attachment":[{"href":"https:\/\/engelaere-editions.com\/blog\/wp-json\/wp\/v2\/media?parent=2750"}],"wp:term":[{"taxonomy":"product_brand","embeddable":true,"href":"https:\/\/engelaere-editions.com\/blog\/wp-json\/wp\/v2\/product_brand?post=2750"},{"taxonomy":"product_cat","embeddable":true,"href":"https:\/\/engelaere-editions.com\/blog\/wp-json\/wp\/v2\/product_cat?post=2750"},{"taxonomy":"product_tag","embeddable":true,"href":"https:\/\/engelaere-editions.com\/blog\/wp-json\/wp\/v2\/product_tag?post=2750"}],"curies":[{"name":"wp","href":"https:\/\/api.w.org\/{rel}","templated":true}]}}