{"id":2513,"date":"2017-08-04T16:54:21","date_gmt":"2017-08-04T14:54:21","guid":{"rendered":"http:\/\/engelaere-editions.com\/blog\/?post_type=product&#038;p=2513"},"modified":"2023-12-16T17:01:22","modified_gmt":"2023-12-16T16:01:22","slug":"1610-%c2%b7-acadie-le-grand-depart-sylvette-mathieu","status":"publish","type":"product","link":"https:\/\/engelaere-editions.com\/blog\/produit\/1610-%c2%b7-acadie-le-grand-depart-sylvette-mathieu\/","title":{"rendered":"1610 \u00b7 Acadie le grand d\u00e9part \u00b7 Sylvette Mathieu"},"content":{"rendered":"<p>Les quatre amies esp\u00e9raient une vie sereine en Dauphin\u00e9. Aucun de leurs espoirs ne s\u2019est r\u00e9alis\u00e9. Le fils de Marguerite, qui a \u00e9chapp\u00e9 de peu \u00e0 la mort est devenu J\u00e9suite. Celle-ci par la loi du Fratricide ne pouvait \u00e9pouser son grand amour Louis de Sassenage et Catherine ne pouvait plus cacher qu\u2019elle \u00e9tait la grand-m\u00e8re de la fille d\u2019Agn\u00e8s, toujours aussi incoh\u00e9rente. Quant \u00e0 H\u00e9lo\u00efse, la tristesse ne quittait pas son c\u0153ur. Un retour \u00e0 la base, \u00e0 Ault \u00e9tait n\u00e9cessaire.<br \/>\nC\u2019est Catherine qui va trouver la solution gr\u00e2ce \u00e0 son ami d\u2019enfance, Jean de Poutrincourt, nomm\u00e9 par le roi Henri IV gouverneur g\u00e9n\u00e9ral des territoires d\u2019Acadie (Canada) pour tirer profit du trafic de la pelleterie avec les Indiens. Vivre la Grande Aventure au-del\u00e0 des mers, voil\u00e0 ce qu\u2019il leur fallait\u00a0! Fran\u00e7ois le broutier s\u2019est joint \u00e0 elles et apprend le jeu et la tabagie. Elles retrouvent le p\u00e8re John et d\u00e9couvrent les Indiens. Si le religieux a appris leur langue et s\u2019est bien int\u00e9gr\u00e9, ce n\u2019est pas le cas d\u2019Agn\u00e8s qui manque de d\u00e9clencher une guerre indienne.<br \/>\nM\u00fb par une tr\u00e8s vieille rancune, un ennemi implacable va resurgir et tout se terminera dans un incendie apocalyptique.<\/p>\n<blockquote><p>Avec le feu, par ce quatri\u00e8me volume, 1610 ACADIE LE GRAND D\u00c9PART, Sylvette Mathieu termine sa saga sur les 4 \u00e9l\u00e9ments. D\u2019abord l\u2019eau, avec 1583 AULT LA VILLE ENGLOUTIE, ensuite l\u2019air (pollu\u00e9 de Paris au plus fort des guerres de religion) avec 1588 LA TERREUR DES SEIZE, puis la terre avec 1589 MORTELLE TRADITION EN DAUPHIN\u00c9.<\/p><\/blockquote>\n<h6><\/h6>\n","protected":false},"excerpt":{"rendered":"<h6>ISBN 978-2-917621-40-0 \u00b7 316 pages \u00b7 13,50 \u20ac<\/h6>\n","protected":false},"featured_media":2514,"template":"","meta":[],"product_brand":[],"product_cat":[98],"product_tag":[],"class_list":{"0":"post-2513","1":"product","2":"type-product","3":"status-publish","4":"has-post-thumbnail","6":"product_cat-romans-historiques","7":"product_shipping_class-petit","9":"first","10":"instock","11":"shipping-taxable","12":"purchasable","13":"product-type-simple"},"aioseo_notices":[],"_links":{"self":[{"href":"https:\/\/engelaere-editions.com\/blog\/wp-json\/wp\/v2\/product\/2513","targetHints":{"allow":["GET"]}}],"collection":[{"href":"https:\/\/engelaere-editions.com\/blog\/wp-json\/wp\/v2\/product"}],"about":[{"href":"https:\/\/engelaere-editions.com\/blog\/wp-json\/wp\/v2\/types\/product"}],"wp:featuredmedia":[{"embeddable":true,"href":"https:\/\/engelaere-editions.com\/blog\/wp-json\/wp\/v2\/media\/2514"}],"wp:attachment":[{"href":"https:\/\/engelaere-editions.com\/blog\/wp-json\/wp\/v2\/media?parent=2513"}],"wp:term":[{"taxonomy":"product_brand","embeddable":true,"href":"https:\/\/engelaere-editions.com\/blog\/wp-json\/wp\/v2\/product_brand?post=2513"},{"taxonomy":"product_cat","embeddable":true,"href":"https:\/\/engelaere-editions.com\/blog\/wp-json\/wp\/v2\/product_cat?post=2513"},{"taxonomy":"product_tag","embeddable":true,"href":"https:\/\/engelaere-editions.com\/blog\/wp-json\/wp\/v2\/product_tag?post=2513"}],"curies":[{"name":"wp","href":"https:\/\/api.w.org\/{rel}","templated":true}]}}