{"id":2144,"date":"2015-12-18T10:32:52","date_gmt":"2015-12-18T09:32:52","guid":{"rendered":"http:\/\/engelaere-editions.com\/blog\/?post_type=product&#038;p=2144"},"modified":"2023-12-16T17:06:10","modified_gmt":"2023-12-16T16:06:10","slug":"sur-lautre-rive-de-la-scarpe-michele-descatoire","status":"publish","type":"product","link":"https:\/\/engelaere-editions.com\/blog\/produit\/sur-lautre-rive-de-la-scarpe-michele-descatoire\/","title":{"rendered":"\u00ab\u00a0Sur l&rsquo;autre rive de la Scarpe\u00a0\u00bb Mich\u00e8le Descatoire"},"content":{"rendered":"<blockquote><p>Elle vit presqu\u2019heureuse Ma\u00eft\u00e9, sur cette rive de la Scarpe, malgr\u00e9 les r\u00eaves pr\u00e9monitoires qui hantent ses nuits, malgr\u00e9 l\u2019\u00e9poque troubl\u00e9e des ann\u00e9es 40. La guerre qui vit ses derniers jours va pourtant changer le cours de sa vie de petite fille. Tout bascule apr\u00e8s la mort brutale de ses grands-parents lors d\u2019une incroyable m\u00e9prise le jour de la Lib\u00e9ration. Li\u00e9s par une profonde affection avec son fr\u00e8re Olivier, ils\u00a0vont se soutenir\u00a0pour traverser cette enfance vol\u00e9e.<br \/>\nUn mari et trois enfants plus tard \u00e0 l\u2019\u00e2ge de la maturit\u00e9, Ma\u00eft\u00e9 va devoir choisir \u00e0 la crois\u00e9e des chemins. Et si le salut \u00e9tait sur l\u2019autre rive ?<\/p><\/blockquote>\n<div>\n<p><span style=\"font-family: Calibri; font-size: small;\">Mich\u00e8le Descatoire est n\u00e9e \u00e0 Somain, dans le Nord. Elle a pass\u00e9 son enfance \u00e0 Rieulay, terre de mines et de terrils o\u00f9 elle vit encore aujourd\u2019hui. Elle a publi\u00e9 en 1998 son premier recueil de po\u00e9sies, \u00e9crites en \u00ab chti \u00bb, \u00ab A pieds d\u00e9caux \u00bb (\u00c0 pieds nus). Elle y exprimait une grande tendresse et une certaine d\u00e9sillusion sur la vie, sur elle, sur l\u2019intimit\u00e9. \u00abSur l\u2019autre rive de la Scarpe\u00bb, texte en partie autobiographique, est son premier roman.<\/span><\/p>\n<\/div>\n<h6 style=\"text-align: justify;\"><strong><span style=\"font-size: x-small;\">Couverture :<br \/>\nPaul Leroy : \u00ab\u00a0Dans les branches d\u2019un grand pin\u00a0\u00bb<br \/>\nMus\u00e9e de la Chartreuse \u2013 Douai<br \/>\nN\u00b0 984.7<\/span>\u00a0\u00a0\u00a0<\/strong><\/h6>\n","protected":false},"excerpt":{"rendered":"<h6><strong>\u00ab Sur l\u2019autre rive de la Scarpe \u00bb : <\/strong><strong>200 pages \u2013 format 12 x 20,5 cm \u2013 8,00 \u20ac \u2013 ISBN 978-2-917621-01-1<\/strong><\/h6>\n","protected":false},"featured_media":40,"template":"","meta":[],"product_brand":[],"product_cat":[100],"product_tag":[],"class_list":{"0":"post-2144","1":"product","2":"type-product","3":"status-publish","4":"has-post-thumbnail","6":"product_cat-roman","7":"product_shipping_class-petit","9":"first","10":"instock","11":"shipping-taxable","12":"purchasable","13":"product-type-simple"},"aioseo_notices":[],"_links":{"self":[{"href":"https:\/\/engelaere-editions.com\/blog\/wp-json\/wp\/v2\/product\/2144","targetHints":{"allow":["GET"]}}],"collection":[{"href":"https:\/\/engelaere-editions.com\/blog\/wp-json\/wp\/v2\/product"}],"about":[{"href":"https:\/\/engelaere-editions.com\/blog\/wp-json\/wp\/v2\/types\/product"}],"wp:featuredmedia":[{"embeddable":true,"href":"https:\/\/engelaere-editions.com\/blog\/wp-json\/wp\/v2\/media\/40"}],"wp:attachment":[{"href":"https:\/\/engelaere-editions.com\/blog\/wp-json\/wp\/v2\/media?parent=2144"}],"wp:term":[{"taxonomy":"product_brand","embeddable":true,"href":"https:\/\/engelaere-editions.com\/blog\/wp-json\/wp\/v2\/product_brand?post=2144"},{"taxonomy":"product_cat","embeddable":true,"href":"https:\/\/engelaere-editions.com\/blog\/wp-json\/wp\/v2\/product_cat?post=2144"},{"taxonomy":"product_tag","embeddable":true,"href":"https:\/\/engelaere-editions.com\/blog\/wp-json\/wp\/v2\/product_tag?post=2144"}],"curies":[{"name":"wp","href":"https:\/\/api.w.org\/{rel}","templated":true}]}}