{"id":2139,"date":"2015-12-18T10:24:03","date_gmt":"2015-12-18T09:24:03","guid":{"rendered":"http:\/\/engelaere-editions.com\/blog\/?post_type=product&#038;p=2139"},"modified":"2023-12-16T17:06:44","modified_gmt":"2023-12-16T16:06:44","slug":"chest-toudis-lpus-laid-baudet-michel-meurdesoif","status":"publish","type":"product","link":"https:\/\/engelaere-editions.com\/blog\/produit\/chest-toudis-lpus-laid-baudet-michel-meurdesoif\/","title":{"rendered":"\u00ab\u00a0Ch&rsquo;est toudis l&rsquo;pus laid baudet&#8230;\u00a0\u00bb Michel Meurdesoif"},"content":{"rendered":"<blockquote>\n<p style=\"text-align: justify;\"><em>Ch\u2019est toudis l\u2019pus laid baudet<\/em> est un recueil de textes en picard parus dans le journal municipal de Monchecourt, pr\u00e8s de Douai. Ces textes sont inspir\u00e9s de personnages r\u00e9els (ou mythiques) de ce village dont les habitants se d\u00e9signent avec un humour f\u00e9roce par l\u2019appellation \u201cbaudets\u201d. On pardonnera \u00e0 l\u2019auteur les nombreuses sc\u00e8nes de bistrot (lui-m\u00eame est abst\u00e8me), les propos misogynes (il est plut\u00f4t f\u00e9ministe) et les sujets graveleux et scabreux.<br \/>\nChaque texte est accompagn\u00e9 d\u2019une transposition en langue soutenue qui n\u2019est en aucun cas une traduction. Des illustrations de Mako viennent ponctuer ces textes que l\u2019\u00e9diteur a choisi de regrouper par th\u00e8mes. Un glossaire \u201croues de secours\u201d en fin de livre permet de s\u2019y retrouver quand la compr\u00e9hension n\u2019est pas imm\u00e9diate.<\/p>\n<\/blockquote>\n","protected":false},"excerpt":{"rendered":"<h5 style=\"text-align: justify;\"><em>\u00ab <\/em><strong>Ch\u2019est toudis l\u2019pus laid baudet\u2026<\/strong><em> \u00bb :<\/em> 128 pages \u2013 format 18 x 14 cm \u2013 12,20 \u20ac <strong>ISBN 978-2-917621-03-5<\/strong><\/h5>\n","protected":false},"featured_media":55,"template":"","meta":[],"product_brand":[],"product_cat":[95,105],"product_tag":[],"class_list":{"0":"post-2139","1":"product","2":"type-product","3":"status-publish","4":"has-post-thumbnail","6":"product_cat-beaux-livres","7":"product_cat-langues-regionales","8":"product_shipping_class-petit","10":"first","11":"instock","12":"shipping-taxable","13":"purchasable","14":"product-type-simple"},"aioseo_notices":[],"_links":{"self":[{"href":"https:\/\/engelaere-editions.com\/blog\/wp-json\/wp\/v2\/product\/2139","targetHints":{"allow":["GET"]}}],"collection":[{"href":"https:\/\/engelaere-editions.com\/blog\/wp-json\/wp\/v2\/product"}],"about":[{"href":"https:\/\/engelaere-editions.com\/blog\/wp-json\/wp\/v2\/types\/product"}],"wp:featuredmedia":[{"embeddable":true,"href":"https:\/\/engelaere-editions.com\/blog\/wp-json\/wp\/v2\/media\/55"}],"wp:attachment":[{"href":"https:\/\/engelaere-editions.com\/blog\/wp-json\/wp\/v2\/media?parent=2139"}],"wp:term":[{"taxonomy":"product_brand","embeddable":true,"href":"https:\/\/engelaere-editions.com\/blog\/wp-json\/wp\/v2\/product_brand?post=2139"},{"taxonomy":"product_cat","embeddable":true,"href":"https:\/\/engelaere-editions.com\/blog\/wp-json\/wp\/v2\/product_cat?post=2139"},{"taxonomy":"product_tag","embeddable":true,"href":"https:\/\/engelaere-editions.com\/blog\/wp-json\/wp\/v2\/product_tag?post=2139"}],"curies":[{"name":"wp","href":"https:\/\/api.w.org\/{rel}","templated":true}]}}