{"id":2137,"date":"2015-12-18T10:20:32","date_gmt":"2015-12-18T09:20:32","guid":{"rendered":"http:\/\/engelaere-editions.com\/blog\/?post_type=product&#038;p=2137"},"modified":"2023-02-16T12:33:37","modified_gmt":"2023-02-16T11:33:37","slug":"jeux-traditionnels-et-populaires-de-picardie-et-du-nord-pas-de-calais-dominique-lobjois","status":"publish","type":"product","link":"https:\/\/engelaere-editions.com\/blog\/produit\/jeux-traditionnels-et-populaires-de-picardie-et-du-nord-pas-de-calais-dominique-lobjois\/","title":{"rendered":"\u00ab\u00a0Jeux traditionnels et populaires de Picardie et du Nord-Pas de Calais \u00a0\u00bb Dominique Lobjois"},"content":{"rendered":"<p style=\"text-align: justify;\">Cet ouvrage richement illustr\u00e9 et totalement in\u00e9dit est consacr\u00e9 aux jeux traditionnels et populaires de Picardie et du Nord-Pas-de-Calais. Certains sont encore bien pr\u00e9sents aujourd\u2019hui et connaissent m\u00eame un regain d\u2019int\u00e9r\u00eat particuli\u00e8rement vivace comme pour le <strong>jeux de l\u2019assiette<\/strong> en Picardie ou la <strong>boule plate<\/strong> dans la r\u00e9gion de Lille-Roubaix-Tourcoing. Ce livre propose un panorama de ces jeux qu\u2019ils soient avec animaux comme les <strong>combats de coq<\/strong>, la <strong>colombophilie<\/strong> ou le <strong>tir \u00e0 l\u2019oie<\/strong>, des jeux de lancer comme le <strong>jeu d\u2019\u00e9cu<\/strong>, le <strong>javelot<\/strong>, le <strong>billon<\/strong>\u2026, des jeux de boules comme les <strong>boules plates<\/strong>, les <strong>quilles du Ponthieu<\/strong> et de <strong>Thi\u00e9rache<\/strong> ou les diff\u00e9rents <strong>jeux d\u2019estaminets<\/strong>. Les jeux sont montr\u00e9s dans leur environnement avec leur histoire, leurs r\u00e8gles et leur \u00e9volution.<\/p>\n<p style=\"text-align: justify;\">Cet livre est le fruit d\u2019un important travail de collectage de plusieurs d\u00e9cennies avec des reportages, des t\u00e9moignages et des documents souvent in\u00e9dits. Il donne les clefs indispensables \u00e0 la compr\u00e9hension et la pr\u00e9servation de ce patrimoine de la culture populaire des r\u00e9gions du Nord de la France.<\/p>\n<h6 style=\"text-align: justify;\"><strong>\u00a0<\/strong><\/h6>\n","protected":false},"excerpt":{"rendered":"<h5 style=\"text-align: justify;\"><strong>208 pages au format 20 x 26 cm\u00a0 \u2013 24,40 \u20ac &#8211;\u00a0 ISBN 978-2-917621-02-8<\/strong><\/h5>\n","protected":false},"featured_media":79,"template":"","meta":[],"product_brand":[],"product_cat":[95],"product_tag":[],"class_list":{"0":"post-2137","1":"product","2":"type-product","3":"status-publish","4":"has-post-thumbnail","6":"product_cat-beaux-livres","8":"first","9":"outofstock","10":"shipping-taxable","11":"purchasable","12":"product-type-simple"},"aioseo_notices":[],"_links":{"self":[{"href":"https:\/\/engelaere-editions.com\/blog\/wp-json\/wp\/v2\/product\/2137","targetHints":{"allow":["GET"]}}],"collection":[{"href":"https:\/\/engelaere-editions.com\/blog\/wp-json\/wp\/v2\/product"}],"about":[{"href":"https:\/\/engelaere-editions.com\/blog\/wp-json\/wp\/v2\/types\/product"}],"wp:featuredmedia":[{"embeddable":true,"href":"https:\/\/engelaere-editions.com\/blog\/wp-json\/wp\/v2\/media\/79"}],"wp:attachment":[{"href":"https:\/\/engelaere-editions.com\/blog\/wp-json\/wp\/v2\/media?parent=2137"}],"wp:term":[{"taxonomy":"product_brand","embeddable":true,"href":"https:\/\/engelaere-editions.com\/blog\/wp-json\/wp\/v2\/product_brand?post=2137"},{"taxonomy":"product_cat","embeddable":true,"href":"https:\/\/engelaere-editions.com\/blog\/wp-json\/wp\/v2\/product_cat?post=2137"},{"taxonomy":"product_tag","embeddable":true,"href":"https:\/\/engelaere-editions.com\/blog\/wp-json\/wp\/v2\/product_tag?post=2137"}],"curies":[{"name":"wp","href":"https:\/\/api.w.org\/{rel}","templated":true}]}}