{"id":2131,"date":"2015-12-23T10:06:14","date_gmt":"2015-12-23T09:06:14","guid":{"rendered":"http:\/\/engelaere-editions.com\/blog\/?post_type=product&#038;p=2131"},"modified":"2023-12-16T17:01:41","modified_gmt":"2023-12-16T16:01:41","slug":"amiens-a-lheure-bleue-franck-delautre-claude-tillier","status":"publish","type":"product","link":"https:\/\/engelaere-editions.com\/blog\/produit\/amiens-a-lheure-bleue-franck-delautre-claude-tillier\/","title":{"rendered":"\u00ab\u00a0Amiens \u00e0 l&rsquo;heure bleue\u00a0\u00bb \u00b7 Franck Delautre &#038; Claude Tillier"},"content":{"rendered":"<blockquote><p>L&rsquo;heure bleue est un moment magique qui se situe entre chiens et loups\u00a0: \u00e0 la tomb\u00e9e du jour, le ciel devient bleu avant d\u2019\u00eatre noir. Le chien symbolise le jour puisque, tout comme lui, il sert \u00e0 nous guider\u00a0; le loup, lui, repr\u00e9sente l\u2019obscurit\u00e9 qui menace et fascine \u00e0 la fois. Ce livre vous fera d\u00e9couvrir Amiens pendant ce moment unique.<\/p><\/blockquote>\n<p style=\"text-align: justify;\"><span style=\"color: #000000;\"><span style=\"color: #0000ff;\"><strong>Franck Delautre<\/strong><\/span> est un photographe qui a pass\u00e9 des ann\u00e9es \u00e0 sillonner les rues d\u2019Amiens en v\u00e9lo. Dans ses nombreux sujets, les monuments ont toujours eu une place importante et <em>Amiens \u00e0 l\u2019heure bleue<\/em> en est le r\u00e9sultat. Il est l\u2019auteur du <em>Veilleur de nuits<\/em> (textes de Philippe Lacoche, \u00c9ditions Martelle, 2009) <em>Entre chiens et chats<\/em> (\u00c9ditions Airvey, 2011) et <em>Amiens \u00e0 l\u2019heure dor\u00e9e<\/em> (\u00c9ditions Delattre, 2016). <em>Amiens \u00e0 l\u2019heure bleue<\/em> est sa deuxi\u00e8me collaboration avec Engelaere Editions et Claude Tillier puisque Franck Delautre est l\u2019auteur de la photographie de couverture du roman<em> Le Tableau noir<\/em> (2009).<br \/>\n<\/span><\/p>\n<p style=\"text-align: justify;\"><span style=\"color: #000000;\"><strong><span style=\"color: #0000ff;\">Claude Tillier<\/span><\/strong> habite \u00e0 Amiens o\u00f9 il est guide \u00e0 la Maison de Jules Verne. Il a publi\u00e9 plusieurs nouvelles. Il est \u00e9galement l\u2019auteur de deux essais\u00a0: <em>Jules Verne en 100 questions<\/em> (\u00c9ditions Centre International Jules Verne, 2004), <em>Jules Verne, le po\u00e8te de la science<\/em> (collectif, \u00c9ditions Tim\u00e9e, 2005), ainsi que trois romans\u00a0: <em>Le Blanc qui voyait noir<\/em> (\u00c9ditions Noir D\u00e9lire, 2003), <em>Le Tableau noir<\/em> (collection <em>Crimes en nord<\/em>, Engelaere Editions, 2009), <em>SATANIA \u00b7 \u00c2me perdue chez Jules Verne<\/em> (Engelaere Editions, 2015) et un conte\u00a0: <em>La Fille au grain dans l\u2019\u0153il<\/em> en collaboration avec Anne-Claire Giraudet pour les illustrations (Engelaere Editions, 2019).<br \/>\n<\/span><\/p>\n","protected":false},"excerpt":{"rendered":"<h5 align=\"JUSTIFY\"><span style=\"color: #000000;\"><strong>\u00ab Amiens \u00e0 l&rsquo;heure bleue \u00bb <\/strong><strong>72 pages au format 24 x 21 cm\u00a0 \u00b7 12 \u20ac \u00b7\u00a0 ISBN 978-2-917621-11-0<\/strong><\/span><\/h5>\n<p>Traductions en anglais et en n\u00e9erlandais<\/p>\n","protected":false},"featured_media":595,"template":"","meta":[],"product_brand":[],"product_cat":[95],"product_tag":[],"class_list":{"0":"post-2131","1":"product","2":"type-product","3":"status-publish","4":"has-post-thumbnail","6":"product_cat-beaux-livres","7":"product_shipping_class-petit","9":"first","10":"instock","11":"shipping-taxable","12":"purchasable","13":"product-type-simple"},"aioseo_notices":[],"_links":{"self":[{"href":"https:\/\/engelaere-editions.com\/blog\/wp-json\/wp\/v2\/product\/2131","targetHints":{"allow":["GET"]}}],"collection":[{"href":"https:\/\/engelaere-editions.com\/blog\/wp-json\/wp\/v2\/product"}],"about":[{"href":"https:\/\/engelaere-editions.com\/blog\/wp-json\/wp\/v2\/types\/product"}],"wp:featuredmedia":[{"embeddable":true,"href":"https:\/\/engelaere-editions.com\/blog\/wp-json\/wp\/v2\/media\/595"}],"wp:attachment":[{"href":"https:\/\/engelaere-editions.com\/blog\/wp-json\/wp\/v2\/media?parent=2131"}],"wp:term":[{"taxonomy":"product_brand","embeddable":true,"href":"https:\/\/engelaere-editions.com\/blog\/wp-json\/wp\/v2\/product_brand?post=2131"},{"taxonomy":"product_cat","embeddable":true,"href":"https:\/\/engelaere-editions.com\/blog\/wp-json\/wp\/v2\/product_cat?post=2131"},{"taxonomy":"product_tag","embeddable":true,"href":"https:\/\/engelaere-editions.com\/blog\/wp-json\/wp\/v2\/product_tag?post=2131"}],"curies":[{"name":"wp","href":"https:\/\/api.w.org\/{rel}","templated":true}]}}