{"id":2127,"date":"2015-12-18T09:54:17","date_gmt":"2015-12-18T08:54:17","guid":{"rendered":"http:\/\/engelaere-editions.com\/blog\/?post_type=product&#038;p=2127"},"modified":"2023-12-16T17:07:14","modified_gmt":"2023-12-16T16:07:14","slug":"tout-picard-que-jetais-jean-loisy","status":"publish","type":"product","link":"https:\/\/engelaere-editions.com\/blog\/produit\/tout-picard-que-jetais-jean-loisy\/","title":{"rendered":"\u00ab\u00a0Tout Picard que j&rsquo;\u00e9tais\u00a0\u00bb Jean Loisy"},"content":{"rendered":"<blockquote><p>Au d\u00e9but des ann\u00e9es 1980, Cl\u00e9ment, juge parisien ayant atteint un \u00e2ge m\u00fbr, revient enqu\u00eater sur un crime non \u00e9lucid\u00e9 dans le petit village de Fleutes dans le Vimeu o\u00f9 il a pass\u00e9 son enfance. Victor Taigu avait \u00e9t\u00e9 retrouv\u00e9 embroch\u00e9, l\u2019ann\u00e9e pr\u00e9c\u00e9dente, par une ba\u00efonnette allemande datant de la derni\u00e8re guerre. L\u2019enqu\u00eate de la gendarmerie s\u2019\u00e9tait vite heurt\u00e9e \u00e0 la loi du silence dont savent faire preuve les paysans picards et l\u2019affaire avait \u00e9t\u00e9 class\u00e9e sans suite. Arrivant avec beaucoup d\u2019habilet\u00e9 \u00e0 ne pas se faire reconna\u00eetre des habitants du village, Cl\u00e9ment parvient, sous pr\u00e9texte d\u2019op\u00e9ration de r\u00e9novation de l\u2019habitat rural, \u00e0 p\u00e9n\u00e9trer au c\u0153ur de ce monde fig\u00e9 et \u00e0 s\u2019impr\u00e9gner de ses r\u00e8gles, de son rythme et de ses rites. Au fil des rencontres et de la confiance qui s\u2019installe, il parvient \u00e0 d\u00e9nouer un \u00e0 un les fils de l\u2019\u00e9cheveau. Le juge remonte l\u2019histoire du village jusqu\u2019\u00e0 sa propre enfance et les drames de la Seconde Guerre mondiale dont le crime de Taigu s\u2019av\u00e9rera \u00eatre une des cons\u00e9quences.<\/p><\/blockquote>\n<p style=\"text-align: justify;\"><em>N\u00e9 en Picardie, d\u2019un p\u00e8re bourguignon et d\u2019une m\u00e8re picarde du Marquenterre,\u00a0<span style=\"color: #008000;\"><strong>Jean Loisy<\/strong><\/span> est n\u00e9 \u00e0 Abbeville au d\u00e9but des ann\u00e9es 30. D\u00e8s le d\u00e9but du deuxi\u00e8me conflit mondial, ses parents entrent en r\u00e9sistance et doivent se r\u00e9fugier dans la campagne picarde du Vimeu o\u00f9 l\u2019auteur passe une partie de son enfance. Apr\u00e8s une carri\u00e8re nationale dans plusieurs grandes entreprises, Jean Loisy regagne la Picardie en 1996 et revient vers ses origines.<\/em><\/p>\n","protected":false},"excerpt":{"rendered":"<h4><strong>\u00ab Tout Picard que j&rsquo;\u00e9tais \u00bb : livre format 12 x 20,5 cm \u00b7 308 pages \u00b7 15 \u20ac \u00b7 ISBN 978-2-917621-09-7<\/strong><\/h4>\n","protected":false},"featured_media":1331,"template":"","meta":[],"product_brand":[],"product_cat":[106,100],"product_tag":[],"class_list":{"0":"post-2127","1":"product","2":"type-product","3":"status-publish","4":"has-post-thumbnail","6":"product_cat-polars","7":"product_cat-roman","8":"product_shipping_class-petit","10":"first","11":"instock","12":"shipping-taxable","13":"purchasable","14":"product-type-simple"},"aioseo_notices":[],"_links":{"self":[{"href":"https:\/\/engelaere-editions.com\/blog\/wp-json\/wp\/v2\/product\/2127","targetHints":{"allow":["GET"]}}],"collection":[{"href":"https:\/\/engelaere-editions.com\/blog\/wp-json\/wp\/v2\/product"}],"about":[{"href":"https:\/\/engelaere-editions.com\/blog\/wp-json\/wp\/v2\/types\/product"}],"wp:featuredmedia":[{"embeddable":true,"href":"https:\/\/engelaere-editions.com\/blog\/wp-json\/wp\/v2\/media\/1331"}],"wp:attachment":[{"href":"https:\/\/engelaere-editions.com\/blog\/wp-json\/wp\/v2\/media?parent=2127"}],"wp:term":[{"taxonomy":"product_brand","embeddable":true,"href":"https:\/\/engelaere-editions.com\/blog\/wp-json\/wp\/v2\/product_brand?post=2127"},{"taxonomy":"product_cat","embeddable":true,"href":"https:\/\/engelaere-editions.com\/blog\/wp-json\/wp\/v2\/product_cat?post=2127"},{"taxonomy":"product_tag","embeddable":true,"href":"https:\/\/engelaere-editions.com\/blog\/wp-json\/wp\/v2\/product_tag?post=2127"}],"curies":[{"name":"wp","href":"https:\/\/api.w.org\/{rel}","templated":true}]}}