{"id":2031,"date":"2015-12-20T16:05:05","date_gmt":"2015-12-20T15:05:05","guid":{"rendered":"http:\/\/engelaere-editions.com\/blog\/?post_type=product&#038;p=2031"},"modified":"2023-12-16T17:03:18","modified_gmt":"2023-12-16T16:03:18","slug":"la-loge-des-ames-zagam-milek","status":"publish","type":"product","link":"https:\/\/engelaere-editions.com\/blog\/produit\/la-loge-des-ames-zagam-milek\/","title":{"rendered":"\u00ab\u00a0La Loge des \u00e2mes\u00a0\u00bb Zagam Milek"},"content":{"rendered":"<blockquote><p>En 1379, incertain de son avenir, Abraham le Juif, alchimiste douaisien, demande \u00e0 Joseph, son coll\u00e8gue et ami de remettre \u00e0 Nicolas Flamel la copie de son livre, <em>\u00ab\u00a0Le Livre d\u2019Abraham le Juif\u00a0\u00bb<\/em>. Cet ouvrage myst\u00e9rieux comporte de nombreuses formules et notamment celle de l\u2019immortalit\u00e9.<\/p>\n<p style=\"text-align: justify;\">En 2012, Zagam Milek, libraire en livres anciens, se voit proposer un lot d\u2019ouvrages \u00e9sot\u00e9riques dans l\u2019un desquels il trouve gliss\u00e9 un extrait du journal intime dat\u00e9 de 1937 de Fran\u00e7ois Jollivet-Castelot, alchimiste et Rose-Croix douaisien. En marchant sur les traces de Jollivet-Castelot et en d\u00e9cryptant son livre \u00ab\u00a0Le Destin ou les Fils d\u2019Herm\u00e8s\u00a0\u00bb, Zagam Milek va red\u00e9couvrir le Douai de son enfance, explorer une \u00e9glise abandonn\u00e9e et croiser la tr\u00e8s secr\u00e8te \u00ab\u00a0Loge des \u00c2mes\u00a0\u00bb charg\u00e9e de veiller sur <em>\u00ab\u00a0Le Livre d\u2019Abraham Le Juif\u00a0\u00bb<\/em>.<br \/>\nDor\u00e9navant lui-m\u00eame porteur de secrets, Zagam Milek va devoir affronter le pass\u00e9 et commettre l\u2019irr\u00e9parable\u2026 pour le meilleur ou pour le pire\u00a0? Seul l\u2019avenir le dira.<\/p>\n<\/blockquote>\n<p style=\"text-align: justify;\"><strong><span style=\"color: #993366;\">Zagam Milek<\/span><\/strong> est ing\u00e9nieur et libraire \u00e0 ses heures. N\u00e9 \u00e0 Douai, il est venu s\u2019y r\u00e9installer apr\u00e8s vingt-cinq ann\u00e9es d\u2019exil \u00e0 Paris. Passionn\u00e9 depuis l\u2019adolescence par les myst\u00e8res, l\u2019occultisme et les romans noirs, il se tourne naturellement vers le thriller \u00e9sot\u00e9rique quand il d\u00e9cide de se lancer dans l\u2019\u00e9criture de son premier roman. Un roman qui a pour cadre sa ville natale.<\/p>\n","protected":false},"excerpt":{"rendered":"<h4><strong>\u00ab La Loge des \u00e2mes \u00bb : livre format 12 x 20,5 cm \u00b7 192 pages \u00b7 12 \u20ac \u00b7 ISBN 978-2-917621-24-0<\/strong><\/h4>\n","protected":false},"featured_media":1451,"template":"","meta":[],"product_brand":[],"product_cat":[96],"product_tag":[],"class_list":{"0":"post-2031","1":"product","2":"type-product","3":"status-publish","4":"has-post-thumbnail","6":"product_cat-romans-fantastiques","7":"product_shipping_class-petit","9":"first","10":"instock","11":"shipping-taxable","12":"purchasable","13":"product-type-simple"},"aioseo_notices":[],"_links":{"self":[{"href":"https:\/\/engelaere-editions.com\/blog\/wp-json\/wp\/v2\/product\/2031","targetHints":{"allow":["GET"]}}],"collection":[{"href":"https:\/\/engelaere-editions.com\/blog\/wp-json\/wp\/v2\/product"}],"about":[{"href":"https:\/\/engelaere-editions.com\/blog\/wp-json\/wp\/v2\/types\/product"}],"wp:featuredmedia":[{"embeddable":true,"href":"https:\/\/engelaere-editions.com\/blog\/wp-json\/wp\/v2\/media\/1451"}],"wp:attachment":[{"href":"https:\/\/engelaere-editions.com\/blog\/wp-json\/wp\/v2\/media?parent=2031"}],"wp:term":[{"taxonomy":"product_brand","embeddable":true,"href":"https:\/\/engelaere-editions.com\/blog\/wp-json\/wp\/v2\/product_brand?post=2031"},{"taxonomy":"product_cat","embeddable":true,"href":"https:\/\/engelaere-editions.com\/blog\/wp-json\/wp\/v2\/product_cat?post=2031"},{"taxonomy":"product_tag","embeddable":true,"href":"https:\/\/engelaere-editions.com\/blog\/wp-json\/wp\/v2\/product_tag?post=2031"}],"curies":[{"name":"wp","href":"https:\/\/api.w.org\/{rel}","templated":true}]}}