{"id":2029,"date":"2015-12-20T16:02:19","date_gmt":"2015-12-20T15:02:19","guid":{"rendered":"http:\/\/engelaere-editions.com\/blog\/?post_type=product&#038;p=2029"},"modified":"2023-12-16T17:03:28","modified_gmt":"2023-12-16T16:03:28","slug":"zeph-et-le-gland-dore-zef-en-den-gouden-eekel-ecole-st-joseph-desquelbecq","status":"publish","type":"product","link":"https:\/\/engelaere-editions.com\/blog\/produit\/zeph-et-le-gland-dore-zef-en-den-gouden-eekel-ecole-st-joseph-desquelbecq\/","title":{"rendered":"\u00ab\u00a0Zeph et le gland dor\u00e9 \/ Zef en den gouden eekel\u00a0\u00bb \u00c9cole St Joseph d&rsquo;Esquelbecq"},"content":{"rendered":"<p style=\"text-align: justify;\">Les enfants de l\u2019<strong>\u00e9cole Saint Joseph d\u2019Esquelbecq<\/strong> ont cr\u00e9\u00e9 un g\u00e9ant \u00ab Zeph, le ch\u00eane \u00bb. Ce g\u00e9ant est un ch\u00eane car Esquelbecq signifie en flamand \u00ab la rivi\u00e8re aux glands \u00bb. De plus, l\u2019\u00e9cole est entour\u00e9e de ch\u00eanes. Lors des d\u00e9fil\u00e9s, Zeph est accompagn\u00e9 par les enfants qui portent des masques d\u2019animaux de la for\u00eat. Comme Esquelbecq est aussi un \u00ab Village du livre \u00bb, Zeph porte des livres imagin\u00e9s et illustr\u00e9s par les enfants.<br \/>\nCet ouvrage bilingue fran\u00e7ais\/flamand a \u00e9t\u00e9 \u00e9crit par les \u00e9l\u00e8ves des classes de CE de Mademoiselle Marie WEILLAERT accompagn\u00e9s par l\u2019\u00e9crivain Timour MUHIDINE. Il est destin\u00e9 \u00e0 fournir un support aux enseignants ou aux parents qui souhaitent aborder la langue flamande avec les enfants.<\/p>\n<p><strong>Par la classe de CE1\/CE2 de l\u2019\u00e9cole Saint Joseph d\u2019Esquelbecq \/ Opezet van de schoolejongens CE1\/CE2 van de Sinte Jozefschoole Eekelsbeeke<\/strong><\/p>\n<h5>Mee de helpe van de Akademie voor Nuuze Vlaemsche Taele<br \/>\nAvec l\u2019aide de l\u2019Institut de la Langue R\u00e9gionale Flamande<\/h5>\n<blockquote><p>On a vol\u00e9 le gland de Zeph\u2026 Le g\u00e9ant parti \u00e0 la recherche de son talisman, croise le chemin de nombreux animaux bizarres qui aimeraient l\u2019aider mais l\u2019entra\u00eenent dans les recoins de la for\u00eat, sur des pistes surprenantes. Il lui faudra beaucoup s\u2019\u00e9garer avant de retrouver\u2026 le chemin de l\u2019objet disparu. Mais qui \u00e9tait le voleur\u00a0?<\/p>\n<p>Zefs eekel het estoolen ewist\u2026 Den reuze, voort egaen om zen toovermiddel te zoeken, kruust den weg van veele komyke beesten dien nhem zoun willen helpen maer ze trekken hen op in ael d\u2019hoeksches van \u2019t busch op onverwachte weggen. Hen gaet nhem styf moeten verlieren voor\u2026 den weg van de wegbelende zaeke weere te vinden. Maer wien wos den dief\u00a0?<\/p><\/blockquote>\n","protected":false},"excerpt":{"rendered":"<h4>48 pages \u00b7 format 21 x 15 cm \u00b7 ISBN 978-2-917621-27-1 \u00b7 8,90 \u20ac<\/h4>\n","protected":false},"featured_media":1596,"template":"","meta":[],"product_brand":[],"product_cat":[105,103],"product_tag":[],"class_list":{"0":"post-2029","1":"product","2":"type-product","3":"status-publish","4":"has-post-thumbnail","6":"product_cat-langues-regionales","7":"product_cat-livres-jeunesse","8":"product_shipping_class-petit","10":"first","11":"instock","12":"shipping-taxable","13":"purchasable","14":"product-type-simple"},"aioseo_notices":[],"_links":{"self":[{"href":"https:\/\/engelaere-editions.com\/blog\/wp-json\/wp\/v2\/product\/2029","targetHints":{"allow":["GET"]}}],"collection":[{"href":"https:\/\/engelaere-editions.com\/blog\/wp-json\/wp\/v2\/product"}],"about":[{"href":"https:\/\/engelaere-editions.com\/blog\/wp-json\/wp\/v2\/types\/product"}],"wp:featuredmedia":[{"embeddable":true,"href":"https:\/\/engelaere-editions.com\/blog\/wp-json\/wp\/v2\/media\/1596"}],"wp:attachment":[{"href":"https:\/\/engelaere-editions.com\/blog\/wp-json\/wp\/v2\/media?parent=2029"}],"wp:term":[{"taxonomy":"product_brand","embeddable":true,"href":"https:\/\/engelaere-editions.com\/blog\/wp-json\/wp\/v2\/product_brand?post=2029"},{"taxonomy":"product_cat","embeddable":true,"href":"https:\/\/engelaere-editions.com\/blog\/wp-json\/wp\/v2\/product_cat?post=2029"},{"taxonomy":"product_tag","embeddable":true,"href":"https:\/\/engelaere-editions.com\/blog\/wp-json\/wp\/v2\/product_tag?post=2029"}],"curies":[{"name":"wp","href":"https:\/\/api.w.org\/{rel}","templated":true}]}}