{"id":2027,"date":"2015-12-20T15:55:18","date_gmt":"2015-12-20T14:55:18","guid":{"rendered":"http:\/\/engelaere-editions.com\/blog\/?post_type=product&#038;p=2027"},"modified":"2023-12-16T17:07:57","modified_gmt":"2023-12-16T16:07:57","slug":"la-foret-se-revolte-%c2%b7-t-busch-eegenweert-nhem-ecole-st-joseph-desquelbecq","status":"publish","type":"product","link":"https:\/\/engelaere-editions.com\/blog\/produit\/la-foret-se-revolte-%c2%b7-t-busch-eegenweert-nhem-ecole-st-joseph-desquelbecq\/","title":{"rendered":"\u00ab\u00a0La For\u00eat se r\u00e9volte \u00b7 \u2019T Busch eegenweert nhem\u00a0\u00bb \u00c9cole St Joseph d&rsquo;Esquelbecq"},"content":{"rendered":"<p style=\"text-align: justify;\">Les enfants de l\u2019\u00e9cole Saint Joseph d\u2019Esquelbecq ont cr\u00e9\u00e9 un g\u00e9ant \u00ab Zeph, le ch\u00eane \u00bb. Ce g\u00e9ant est un ch\u00eane car Esquelbecq signifie en flamand \u00ab la rivi\u00e8re aux glands \u00bb. De plus, l\u2019\u00e9cole est entour\u00e9e de ch\u00eanes. Lors des d\u00e9fil\u00e9s, Zeph est accompagn\u00e9 par les enfants qui portent des masques d\u2019animaux de la for\u00eat. Comme Esquelbecq est aussi un \u00ab Village du livre \u00bb, Zeph porte des livres imagin\u00e9s et illustr\u00e9s par les enfants.<br \/>\nCet ouvrage bilingue fran\u00e7ais\/flamand a \u00e9t\u00e9 \u00e9crit par les \u00e9l\u00e8ves de la classe de CM de Mme Christine Van Agt accompagn\u00e9s par l\u2019\u00e9crivain Timour MUHIDINE. Il est destin\u00e9 \u00e0 fournir un support aux enseignants ou aux parents qui souhaitent aborder la langue flamande avec les enfants.<\/p>\n<h4 style=\"text-align: justify;\"><strong>Par la classe de CM1\/CM2 de l\u2019\u00e9cole Saint Joseph d\u2019Esquelbecq\u00a0\/ Opezet van de schoolejongens van den CM1\/CM2 van de Sinte Jozefs schoole te Eekelsbeeke<br \/>\n<\/strong><\/h4>\n<h5>Mee de helpe van de Akademie voor Nuuze Vlaemsche Taele<br \/>\nAvec l\u2019aide de l\u2019Institut de la Langue R\u00e9gionale Flamande<\/h5>\n<blockquote><p>La ville de Blecques envisage de construire un lotissement \u00e0 la lisi\u00e8re de la for\u00eat. Chez les animaux qui ont appris la nouvelle, r\u00e9unis autour de Zeph le ch\u00eane, la r\u00e9volte gronde\u2009: pas question de laisser les hommes d\u00e9truire leurs habitations, terrains de jeu, etc. Ils se liguent pour r\u00e9sister aux ouvriers qui d\u00e9barquent un beau matin et d\u00e9cident de mener un combat f\u00e9roce. Anim\u00e9s par la force des faibles, ils sont pr\u00eats \u00e0 tout pour sauver leur nature\u00a0!<br \/>\nUn roman \u00e9cologique qui flirte avec le conte.<\/p>\n<p>\u2019T stei van Bleeke beschikt huuzen te bouwen in den boord van \u2019t busch. De beesten die daervan hooren hen, hen nhulder vergaerd rond Zef, den e\u00ebken. \u2019T eegenweerde komt oover\u00a0: geen kweestje van de menschen in \u2019t busch te laeten verpletteren. Ze vergaeren nhulder teegen de werkmenschen dien op een zeekeren nuchtend opkommen, en beschikken van een verschrikkelike gevecht te le\u00eben. Mit de macht van de flaeuwen, ze zyn gere\u00ebd om alles te doen om nhuldere nateure te bewaeren.<br \/>\nEen ekologyke romang die styf naer is van een kindervertellingsche.<\/p><\/blockquote>\n","protected":false},"excerpt":{"rendered":"<h4 style=\"text-align: left;\"><span style=\"color: #993366;\">48 pages \u00b7 format 12,3 x 17,9 cm \u00b7 ISBN 978-2-917621-29-5 \u00b7 4,90 \u20ac<\/span><\/h4>\n","protected":false},"featured_media":1600,"template":"","meta":[],"product_brand":[],"product_cat":[103],"product_tag":[],"class_list":{"0":"post-2027","1":"product","2":"type-product","3":"status-publish","4":"has-post-thumbnail","6":"product_cat-livres-jeunesse","8":"first","9":"instock","10":"shipping-taxable","11":"purchasable","12":"product-type-simple"},"aioseo_notices":[],"_links":{"self":[{"href":"https:\/\/engelaere-editions.com\/blog\/wp-json\/wp\/v2\/product\/2027","targetHints":{"allow":["GET"]}}],"collection":[{"href":"https:\/\/engelaere-editions.com\/blog\/wp-json\/wp\/v2\/product"}],"about":[{"href":"https:\/\/engelaere-editions.com\/blog\/wp-json\/wp\/v2\/types\/product"}],"wp:featuredmedia":[{"embeddable":true,"href":"https:\/\/engelaere-editions.com\/blog\/wp-json\/wp\/v2\/media\/1600"}],"wp:attachment":[{"href":"https:\/\/engelaere-editions.com\/blog\/wp-json\/wp\/v2\/media?parent=2027"}],"wp:term":[{"taxonomy":"product_brand","embeddable":true,"href":"https:\/\/engelaere-editions.com\/blog\/wp-json\/wp\/v2\/product_brand?post=2027"},{"taxonomy":"product_cat","embeddable":true,"href":"https:\/\/engelaere-editions.com\/blog\/wp-json\/wp\/v2\/product_cat?post=2027"},{"taxonomy":"product_tag","embeddable":true,"href":"https:\/\/engelaere-editions.com\/blog\/wp-json\/wp\/v2\/product_tag?post=2027"}],"curies":[{"name":"wp","href":"https:\/\/api.w.org\/{rel}","templated":true}]}}