{"id":2021,"date":"2015-12-20T15:40:50","date_gmt":"2015-12-20T14:40:50","guid":{"rendered":"http:\/\/engelaere-editions.com\/blog\/?post_type=product&#038;p=2021"},"modified":"2023-12-16T17:03:55","modified_gmt":"2023-12-16T16:03:55","slug":"1583-ault-la-ville-engloutie-tome-i-sylvette-mathieu","status":"publish","type":"product","link":"https:\/\/engelaere-editions.com\/blog\/produit\/1583-ault-la-ville-engloutie-tome-i-sylvette-mathieu\/","title":{"rendered":"\u00ab\u00a01583 Ault La ville engloutie\u00a0\u00bb tome I Sylvette Mathieu"},"content":{"rendered":"<h4><span style=\"color: #008080;\">Ault la ville engloutie tome I : L&rsquo;EAU<\/span><\/h4>\n<p style=\"text-align: justify;\">\u00c0 la fin du XVIe si\u00e8cle, \u00e0 Ault, en Picardie, quatre femmes\u00a0: Catherine, la bourgeoise, Marguerite, grande amoureuse qui a v\u00e9cu \u00e0 la cour des Valois, Agn\u00e8s, la fanatique catholique, et H\u00e9lo\u00efse qui n\u2019a pas eu beaucoup de chance dans sa vie, vivent les derniers moments de la ville basse au pied des falaises et du port o\u00f9 vient de rentrer le navire de Robert le Terre-Neuva apr\u00e8s six mois de p\u00eache \u00e0 la morue.<br \/>\nEn pleines guerres de religion, le duc de Guise, chef de la Ligue catholique, veut se servir des galeries souterraines d\u2019Ault pour abriter un complot dont le but est l\u2019assassinat d\u2019\u00c9lisabeth Ire d\u2019Angleterre la protestante. Joseph, J\u00e9suite math\u00e9maticien, astronome et astrologue, lui est envoy\u00e9 pour organiser la base. Les signes ont pr\u00e9venu, l\u2019homme du march\u00e9 a pr\u00e9venu, mais personne n\u2019y a cru\u2026 L\u2019ouragan est arriv\u00e9 et il a an\u00e9anti tous les espoirs, combl\u00e9 le port, englouti la ville basse et l\u2019\u00e9glise Sainte-Marie, la falaise s\u2019est \u00e9croul\u00e9e sur les maisons des p\u00eacheurs\u2026 Victor Hugo, lors d\u2019un voyage sur la c\u00f4te picarde en 1837, fut \u00e9mu par le t\u00e9moignage d\u2019une vieille femme qui, dans sa jeunesse, avait vu le clocher de l\u2019\u00e9glise Sainte-Marie d\u00e9passant des flots. Il a racont\u00e9 ce drame dans une longue lettre \u00e0 sa femme.<\/p>\n<p style=\"text-align: justify;\"><em>Sylvette Mathieu propose \u00e0 travers ce texte palpitant de vivre les derniers moments de la ville basse d\u2019Ault qui fut engloutie par la mer \u00e0 la fin du XVIe si\u00e8cle. Contrairement \u00e0 la l\u00e9gende de la ville d\u2019Ys, c\u2019est un fait historique acquis tout comme l\u2019existence d\u2019un beffroi eccl\u00e9siastique ou la pr\u00e9sence de muches (refuges souterrains) uniques en Picardie maritime. L\u2019auteure nous emm\u00e8ne dans sa qu\u00eate, sur le terrain aupr\u00e8s des habitants, de ce patrimoine oubli\u00e9 mais exceptionnel de la ville d\u2019Ault.<\/em><\/p>\n","protected":false},"excerpt":{"rendered":"<h5 style=\"text-align: justify;\"><em>\u201c1583, AULT, la ville engloutie\u201d<\/em> : 12 x 20,5 cm, 264 pages, 12,20 \u20ac<strong><br \/>\n<\/strong><strong>ISBN 978-2-917621-07-3<\/strong><\/h5>\n","protected":false},"featured_media":1012,"template":"","meta":[],"product_brand":[],"product_cat":[98],"product_tag":[],"class_list":{"0":"post-2021","1":"product","2":"type-product","3":"status-publish","4":"has-post-thumbnail","6":"product_cat-romans-historiques","7":"product_shipping_class-petit","9":"first","10":"instock","11":"featured","12":"shipping-taxable","13":"purchasable","14":"product-type-simple"},"aioseo_notices":[],"_links":{"self":[{"href":"https:\/\/engelaere-editions.com\/blog\/wp-json\/wp\/v2\/product\/2021","targetHints":{"allow":["GET"]}}],"collection":[{"href":"https:\/\/engelaere-editions.com\/blog\/wp-json\/wp\/v2\/product"}],"about":[{"href":"https:\/\/engelaere-editions.com\/blog\/wp-json\/wp\/v2\/types\/product"}],"wp:featuredmedia":[{"embeddable":true,"href":"https:\/\/engelaere-editions.com\/blog\/wp-json\/wp\/v2\/media\/1012"}],"wp:attachment":[{"href":"https:\/\/engelaere-editions.com\/blog\/wp-json\/wp\/v2\/media?parent=2021"}],"wp:term":[{"taxonomy":"product_brand","embeddable":true,"href":"https:\/\/engelaere-editions.com\/blog\/wp-json\/wp\/v2\/product_brand?post=2021"},{"taxonomy":"product_cat","embeddable":true,"href":"https:\/\/engelaere-editions.com\/blog\/wp-json\/wp\/v2\/product_cat?post=2021"},{"taxonomy":"product_tag","embeddable":true,"href":"https:\/\/engelaere-editions.com\/blog\/wp-json\/wp\/v2\/product_tag?post=2021"}],"curies":[{"name":"wp","href":"https:\/\/api.w.org\/{rel}","templated":true}]}}