{"id":2015,"date":"2015-12-21T15:22:17","date_gmt":"2015-12-21T14:22:17","guid":{"rendered":"http:\/\/engelaere-editions.com\/blog\/?post_type=product&#038;p=2015"},"modified":"2023-12-16T17:02:09","modified_gmt":"2023-12-16T16:02:09","slug":"le-dormeur-du-mal-zagam-milek","status":"publish","type":"product","link":"https:\/\/engelaere-editions.com\/blog\/produit\/le-dormeur-du-mal-zagam-milek\/","title":{"rendered":"\u00ab\u00a0Le Dormeur du mal\u00a0\u00bb Zagam Milek"},"content":{"rendered":"<blockquote><p>Septembre 1870, le jeune Arthur Rimbaud est de passage \u00e0 Douai. Qu\u2019y a-t-il fait\u00a0? Qu\u2019y a-t-il vu\u00a0?<br \/>\nPr\u00e8s d\u2019un si\u00e8cle et demi plus tard, Zagam Milek, libraire dans cette m\u00eame ville, d\u00e9couvre un \u00e9crit cach\u00e9 du po\u00e8te dans la maison o\u00f9 il vient d\u2019emm\u00e9nager. Ce journal oubli\u00e9, qui va le conduire dans le quartier de Paris o\u00f9 il a v\u00e9cu plus de vingt ans, il aurait pr\u00e9f\u00e9r\u00e9 ne jamais le trouver\u2026<\/p><\/blockquote>\n<p><em>Passionn\u00e9 depuis toujours par les myst\u00e8res, l\u2019occultisme et les romans noirs, Zagam Milek se tourne vers le thriller \u00e9sot\u00e9rique quand l\u2019envie de se lancer dans l\u2019\u00e9criture le surprend. Apr\u00e8s <\/em>La Loge des \u00c2mes<em>, il signe ici son deuxi\u00e8me roman.<\/em><\/p>\n","protected":false},"excerpt":{"rendered":"<p><span style=\"color: #808080;\"><strong>252 pages \u00b7 Format 12 x 20,5 cm \u00b7 13,50 \u20ac \u00b7 ISBN 978-2-917621-31-8<\/strong><\/span><\/p>\n","protected":false},"featured_media":1723,"template":"","meta":[],"product_brand":[],"product_cat":[96],"product_tag":[],"class_list":{"0":"post-2015","1":"product","2":"type-product","3":"status-publish","4":"has-post-thumbnail","6":"product_cat-romans-fantastiques","7":"product_shipping_class-petit","9":"first","10":"instock","11":"shipping-taxable","12":"purchasable","13":"product-type-simple"},"aioseo_notices":[],"_links":{"self":[{"href":"https:\/\/engelaere-editions.com\/blog\/wp-json\/wp\/v2\/product\/2015","targetHints":{"allow":["GET"]}}],"collection":[{"href":"https:\/\/engelaere-editions.com\/blog\/wp-json\/wp\/v2\/product"}],"about":[{"href":"https:\/\/engelaere-editions.com\/blog\/wp-json\/wp\/v2\/types\/product"}],"wp:featuredmedia":[{"embeddable":true,"href":"https:\/\/engelaere-editions.com\/blog\/wp-json\/wp\/v2\/media\/1723"}],"wp:attachment":[{"href":"https:\/\/engelaere-editions.com\/blog\/wp-json\/wp\/v2\/media?parent=2015"}],"wp:term":[{"taxonomy":"product_brand","embeddable":true,"href":"https:\/\/engelaere-editions.com\/blog\/wp-json\/wp\/v2\/product_brand?post=2015"},{"taxonomy":"product_cat","embeddable":true,"href":"https:\/\/engelaere-editions.com\/blog\/wp-json\/wp\/v2\/product_cat?post=2015"},{"taxonomy":"product_tag","embeddable":true,"href":"https:\/\/engelaere-editions.com\/blog\/wp-json\/wp\/v2\/product_tag?post=2015"}],"curies":[{"name":"wp","href":"https:\/\/api.w.org\/{rel}","templated":true}]}}