{"id":2014,"date":"2015-12-21T15:20:02","date_gmt":"2015-12-21T14:20:02","guid":{"rendered":"http:\/\/engelaere-editions.com\/blog\/?post_type=product&#038;p=2014"},"modified":"2023-12-16T17:02:19","modified_gmt":"2023-12-16T16:02:19","slug":"le-petit-polonais-julien-wzorek-%c2%b7-entretiens-avec-roger-facon-serge-ottaviani","status":"publish","type":"product","link":"https:\/\/engelaere-editions.com\/blog\/produit\/le-petit-polonais-julien-wzorek-%c2%b7-entretiens-avec-roger-facon-serge-ottaviani\/","title":{"rendered":"\u00ab\u00a0Le Petit Polonais\u00a0\u00bb Julien Wzorek \u00b7 Entretiens avec Roger Facon &#038; Serge Ottaviani"},"content":{"rendered":"<blockquote>\n<p style=\"text-align: left;\"><a href=\"http:\/\/engelaere-editions.com\/blog\/wp-content\/uploads\/2014\/12\/Julien-Wzorek.jpg\"><img loading=\"lazy\" decoding=\"async\" class=\"alignleft wp-image-1690\" src=\"http:\/\/engelaere-editions.com\/blog\/wp-content\/uploads\/2014\/12\/Julien-Wzorek-303x400.jpg\" alt=\"Julien Wzorek\" width=\"228\" height=\"300\" srcset=\"https:\/\/engelaere-editions.com\/blog\/wp-content\/uploads\/2014\/12\/Julien-Wzorek-303x400.jpg 303w, https:\/\/engelaere-editions.com\/blog\/wp-content\/uploads\/2014\/12\/Julien-Wzorek-200x263.jpg 200w, https:\/\/engelaere-editions.com\/blog\/wp-content\/uploads\/2014\/12\/Julien-Wzorek-300x395.jpg 300w, https:\/\/engelaere-editions.com\/blog\/wp-content\/uploads\/2014\/12\/Julien-Wzorek-112x148.jpg 112w, https:\/\/engelaere-editions.com\/blog\/wp-content\/uploads\/2014\/12\/Julien-Wzorek-23x31.jpg 23w, https:\/\/engelaere-editions.com\/blog\/wp-content\/uploads\/2014\/12\/Julien-Wzorek-28x38.jpg 28w, https:\/\/engelaere-editions.com\/blog\/wp-content\/uploads\/2014\/12\/Julien-Wzorek-163x215.jpg 163w, https:\/\/engelaere-editions.com\/blog\/wp-content\/uploads\/2014\/12\/Julien-Wzorek.jpg 419w\" sizes=\"auto, (max-width: 228px) 100vw, 228px\" \/><\/a>Je ne regrette rien de ce que j\u2019ai fait au micro de <em>Rencontre en Nord<\/em>.<br \/>\nJe ne regrette pas mes t\u00eate \u00e0 t\u00eate avec Alain Decaux, Pierre Mauroy, Jean-Claude Casadesus, Francis Perrin, Fr\u00e9d\u00e9ric Cuvillier, Marc-Philippe Daubresse, Annie Degroodt, Michel Quint, Frank Thilliez, Jean Stablinski, Mahjoub Ben Bella, Florence Cassez et les autres, tous les autres, com\u00e9diens, flics, sportifs de haut niveau, chirurgiens, chercheurs, chanteurs, chor\u00e9graphes, skippers, cuisiniers, grands reporters, chefs d\u2019entreprise&#8230;<br \/>\nToutes ces rencontres ont donn\u00e9 du sens \u00e0 ma vie de petit Polonais, de fils de mineur, de petit-fils de cosaque.<br \/>\nJ\u2019ai eu deux vies \u00e0 <em>Radio France<\/em>. Oui pour bien comprendre ce qui m\u2019est arriv\u00e9, il faut savoir que j\u2019ai eu deux vies. Celle de journaliste et animateur, ma premi\u00e8re vie, sans l\u2019ombre d\u2019un nuage, ni m\u00eame d\u2019un reproche. Aux yeux de sa direction, le type parfait. Mais ensuite, il y a eu mon engagement social dans l\u2019entreprise. Ma seconde vie.<\/p>\n<p style=\"text-align: right;\">Julien Wzorek<\/p>\n<\/blockquote>\n<p>Entretiens avec Roger Facon &amp; Serge Ottaviani<\/p>\n<p><strong>Une terre n\u2019existe que par les hommes qui l\u2019habitent, la collection \u00ab\u00a0Une vie en nord\u00a0\u00bb vous propose de d\u00e9couvrir le destin de ces femmes et de ces hommes qui font la richesse de notre r\u00e9gion. Tous ont le \u00ab\u00a0Nord\u00a0\u00bb en commun. <\/strong><\/p>\n","protected":false},"excerpt":{"rendered":"<h4 style=\"text-align: left;\"><span style=\"color: #000000;\">160 pages \u00b7 Format 11 x 18 cm \u00b7 ISBN 978-2-917621-26-4 \u00b7 Prix 6,90 \u20ac<\/span><\/h4>\n","protected":false},"featured_media":1689,"template":"","meta":[],"product_brand":[],"product_cat":[104,102],"product_tag":[],"class_list":{"0":"post-2014","1":"product","2":"type-product","3":"status-publish","4":"has-post-thumbnail","6":"product_cat-biographies","7":"product_cat-nouveautes","8":"product_shipping_class-petit","10":"first","11":"instock","12":"shipping-taxable","13":"purchasable","14":"product-type-simple"},"aioseo_notices":[],"_links":{"self":[{"href":"https:\/\/engelaere-editions.com\/blog\/wp-json\/wp\/v2\/product\/2014","targetHints":{"allow":["GET"]}}],"collection":[{"href":"https:\/\/engelaere-editions.com\/blog\/wp-json\/wp\/v2\/product"}],"about":[{"href":"https:\/\/engelaere-editions.com\/blog\/wp-json\/wp\/v2\/types\/product"}],"wp:featuredmedia":[{"embeddable":true,"href":"https:\/\/engelaere-editions.com\/blog\/wp-json\/wp\/v2\/media\/1689"}],"wp:attachment":[{"href":"https:\/\/engelaere-editions.com\/blog\/wp-json\/wp\/v2\/media?parent=2014"}],"wp:term":[{"taxonomy":"product_brand","embeddable":true,"href":"https:\/\/engelaere-editions.com\/blog\/wp-json\/wp\/v2\/product_brand?post=2014"},{"taxonomy":"product_cat","embeddable":true,"href":"https:\/\/engelaere-editions.com\/blog\/wp-json\/wp\/v2\/product_cat?post=2014"},{"taxonomy":"product_tag","embeddable":true,"href":"https:\/\/engelaere-editions.com\/blog\/wp-json\/wp\/v2\/product_tag?post=2014"}],"curies":[{"name":"wp","href":"https:\/\/api.w.org\/{rel}","templated":true}]}}