{"id":2012,"date":"2015-12-21T15:14:26","date_gmt":"2015-12-21T14:14:26","guid":{"rendered":"http:\/\/engelaere-editions.com\/blog\/?post_type=product&#038;p=2012"},"modified":"2023-12-16T17:07:40","modified_gmt":"2023-12-16T16:07:40","slug":"la-chemise-du-capitaine-de-laetitia-baudu-celle-qui-croque","status":"publish","type":"product","link":"https:\/\/engelaere-editions.com\/blog\/produit\/la-chemise-du-capitaine-de-laetitia-baudu-celle-qui-croque\/","title":{"rendered":"\u00ab\u00a0La Chemise du Capitaine\u00a0\u00bb de Laetitia Baudu &#8211; Celle Qui Croque &#8211;"},"content":{"rendered":"<blockquote><p>Ce conte met en sc\u00e8ne un bateau qui, pris dans la tourmente d&rsquo;un orage, perd peu \u00e0 peu sa proue, sa poupe et sa chemin\u00e9e. Au final la seule chose que l&rsquo;on retrouve parmi les poissons, c&rsquo;est la chemise du Capitaine.<\/p>\n<p>Les enfants sont invit\u00e9s \u00e0 confectionner le bateau en origami et \u00e0 d\u00e9chirer au fur et \u00e0 mesure de l&rsquo;histoire la proue, la poupe et la chemin\u00e9e pour ne rester que la chemise du capitaine.<\/p><\/blockquote>\n<p><strong>Illustrations et textes de Laetitia Baudu \u00b7 Celle Qui Croque<\/strong><\/p>\n","protected":false},"excerpt":{"rendered":"<h4 style=\"text-align: center;\"><span style=\"color: #008080;\">24 pages format 21 x 14,8 cm \u00b7 reliure spirale en haut \u00b7 ISBN 978-2-917621-33-2 \u00b7 6 \u20ac<\/span><\/h4>\n","protected":false},"featured_media":1709,"template":"","meta":[],"product_brand":[],"product_cat":[103,102],"product_tag":[],"class_list":{"0":"post-2012","1":"product","2":"type-product","3":"status-publish","4":"has-post-thumbnail","6":"product_cat-livres-jeunesse","7":"product_cat-nouveautes","9":"first","10":"instock","11":"shipping-taxable","12":"purchasable","13":"product-type-simple"},"aioseo_notices":[],"_links":{"self":[{"href":"https:\/\/engelaere-editions.com\/blog\/wp-json\/wp\/v2\/product\/2012","targetHints":{"allow":["GET"]}}],"collection":[{"href":"https:\/\/engelaere-editions.com\/blog\/wp-json\/wp\/v2\/product"}],"about":[{"href":"https:\/\/engelaere-editions.com\/blog\/wp-json\/wp\/v2\/types\/product"}],"wp:featuredmedia":[{"embeddable":true,"href":"https:\/\/engelaere-editions.com\/blog\/wp-json\/wp\/v2\/media\/1709"}],"wp:attachment":[{"href":"https:\/\/engelaere-editions.com\/blog\/wp-json\/wp\/v2\/media?parent=2012"}],"wp:term":[{"taxonomy":"product_brand","embeddable":true,"href":"https:\/\/engelaere-editions.com\/blog\/wp-json\/wp\/v2\/product_brand?post=2012"},{"taxonomy":"product_cat","embeddable":true,"href":"https:\/\/engelaere-editions.com\/blog\/wp-json\/wp\/v2\/product_cat?post=2012"},{"taxonomy":"product_tag","embeddable":true,"href":"https:\/\/engelaere-editions.com\/blog\/wp-json\/wp\/v2\/product_tag?post=2012"}],"curies":[{"name":"wp","href":"https:\/\/api.w.org\/{rel}","templated":true}]}}