{"id":2010,"date":"2015-12-21T13:21:02","date_gmt":"2015-12-21T12:21:02","guid":{"rendered":"http:\/\/engelaere-editions.com\/blog\/?post_type=product&#038;p=2010"},"modified":"2018-12-14T10:01:31","modified_gmt":"2018-12-14T09:01:31","slug":"2010","status":"publish","type":"product","link":"https:\/\/engelaere-editions.com\/blog\/produit\/2010\/","title":{"rendered":"MANESSIER, Le Crotoy et la baie de Somme \u00b7 \u0152uvres de jeunesse\u00a0\u00bb Christine Manessier"},"content":{"rendered":"<blockquote><p>Pendant l\u2019\u00e9t\u00e9 1923, le jeune Alfred Manessier a 11 ans. Depuis 1919, la famille passe ses vacances d\u2019\u00e9t\u00e9 dans la station baln\u00e9aire du Crotoy, en Picardie. Blanche, sa m\u00e8re, ose alors aborder Albert Matignon, peintre r\u00e9put\u00e9 de l\u2019\u00e9poque, qui venait lui aussi s\u00e9journer chaque ann\u00e9e au Crotoy. Elle lui montre les aquarelles de son fils. Le peintre encourage le jeune gar\u00e7on et renforce chez lui une passion naissante pour la peinture. Chaque \u00e9t\u00e9 entre 1925 et 1930, Alfred Manessier r\u00e9alise entre 60 et 70 pochades \u00e0 l\u2019huile en s\u2019inspirant de la baie de Somme.<\/p><\/blockquote>\n<p><em>Ce livre propose une s\u00e9lection d\u2019environ quatre-vingts \u00e9tudes peintes sur le motif durant cette p\u00e9riode, organis\u00e9e selon un parcours pictural \u00e9tabli par la fille du peintre et comment\u00e9 par Sabine Cazenave, conservateur en chef du Mus\u00e9e de Picardie. Christine Manessier y \u00e9voque \u00e9galement l\u2019enfance, l\u2019adolescence de son p\u00e8re et son \u00e9veil \u00e0 l\u2019art \u00e0 travers des chroniques richement illustr\u00e9es de documents familiaux. Le peintre lui-m\u00eame s\u2019exprime sur cette p\u00e9riode lors d\u2019un entretien avec Gilles Plazy r\u00e9alis\u00e9 en 1986 pour France Culture.<\/em><br \/>\n<em>Ouvrage introduit par Jacques Darras.<\/em><\/p>\n","protected":false},"excerpt":{"rendered":"<h5>\u00ab\u00a0MANESSIER Le Crotoy et la baie de Somme \u00b7 \u0152uvres de jeunesse\u00a0\u00bb 200 pages couleurs \u00b7 28 x 21 cm \u00b7 30 \u20ac ISBN 978-2-917621-22-6<\/h5>\n","protected":false},"featured_media":1374,"template":"","meta":[],"product_brand":[],"product_cat":[95,99],"product_tag":[],"class_list":{"0":"post-2010","1":"product","2":"type-product","3":"status-publish","4":"has-post-thumbnail","6":"product_cat-beaux-livres","7":"product_cat-livres-dart","9":"first","10":"outofstock","11":"shipping-taxable","12":"purchasable","13":"product-type-simple"},"aioseo_notices":[],"_links":{"self":[{"href":"https:\/\/engelaere-editions.com\/blog\/wp-json\/wp\/v2\/product\/2010","targetHints":{"allow":["GET"]}}],"collection":[{"href":"https:\/\/engelaere-editions.com\/blog\/wp-json\/wp\/v2\/product"}],"about":[{"href":"https:\/\/engelaere-editions.com\/blog\/wp-json\/wp\/v2\/types\/product"}],"wp:featuredmedia":[{"embeddable":true,"href":"https:\/\/engelaere-editions.com\/blog\/wp-json\/wp\/v2\/media\/1374"}],"wp:attachment":[{"href":"https:\/\/engelaere-editions.com\/blog\/wp-json\/wp\/v2\/media?parent=2010"}],"wp:term":[{"taxonomy":"product_brand","embeddable":true,"href":"https:\/\/engelaere-editions.com\/blog\/wp-json\/wp\/v2\/product_brand?post=2010"},{"taxonomy":"product_cat","embeddable":true,"href":"https:\/\/engelaere-editions.com\/blog\/wp-json\/wp\/v2\/product_cat?post=2010"},{"taxonomy":"product_tag","embeddable":true,"href":"https:\/\/engelaere-editions.com\/blog\/wp-json\/wp\/v2\/product_tag?post=2010"}],"curies":[{"name":"wp","href":"https:\/\/api.w.org\/{rel}","templated":true}]}}