{"id":2009,"date":"2015-12-21T13:18:34","date_gmt":"2015-12-21T12:18:34","guid":{"rendered":"http:\/\/engelaere-editions.com\/blog\/?post_type=product&#038;p=2009"},"modified":"2023-12-16T17:02:50","modified_gmt":"2023-12-16T16:02:50","slug":"la-vie-balneaire-en-baie-de-somme-annie-jacques","status":"publish","type":"product","link":"https:\/\/engelaere-editions.com\/blog\/produit\/la-vie-balneaire-en-baie-de-somme-annie-jacques\/","title":{"rendered":"\u00ab\u00a0La Vie baln\u00e9aire en baie de Somme\u00a0\u00bb Annie Jacques"},"content":{"rendered":"<p><span style=\"color: #808080;\"><strong>Nouvelle \u00e9dition.<\/strong><\/span><\/p>\n<p>C\u2019est sur les c\u00f4tes de la Manche, du milieu du XIXe si\u00e8cle jusqu\u2019en 1914, que s\u2019est d\u00e9velopp\u00e9 le tourisme baln\u00e9aire en France. La baie de Somme et en particulier Le Crotoy, avec sa longue plage de sable expos\u00e9e au sud, a \u00e9t\u00e9 le t\u00e9moin privil\u00e9gi\u00e9 de cet engouement pour les bains de mer.<br \/>\nLe c\u00e9l\u00e8bre parfumeur de l\u2019imp\u00e9ratrice Eug\u00e9nie, Pierre Guerlain, originaire d\u2019Abbeville, fut l\u2019un des premiers fondateurs de la station. \u00c0 sa suite, de nombreuses personnalit\u00e9s litt\u00e9raires ou artistiques ont fr\u00e9quent\u00e9 la cit\u00e9. Jules Verne a v\u00e9cu plusieurs ann\u00e9es dans le village et y a r\u00e9dig\u00e9 romans et notes scientifiques. Paul Eudel, c\u00e9l\u00e8bre collectionneur et chroniqueur d\u2019art parisien, a consacr\u00e9 un volume de souvenirs \u00e0 sa ville natale. Colette, qui y a s\u00e9journ\u00e9 quatre ann\u00e9es de suite, a laiss\u00e9 de nombreuses pages sur la baie, non seulement dans Les <em>Vrilles de la vigne<\/em> mais dans ses chroniques journalistiques et sa correspondance priv\u00e9e. Quant au peintre Toulouse-Lautrec, grand amateur de chasse, il fr\u00e9quenta plusieurs fois la station pendant les derni\u00e8res ann\u00e9es de sa vie, laissant derri\u00e8re lui un souvenir encore bien pr\u00e9sent aujourd\u2019hui.<\/p>\n<p><em>Annie Jacques est historienne de l\u2019architecture du xixe si\u00e8cle, elle a publi\u00e9 de nombreux textes sur cette p\u00e9riode. Conservateur g\u00e9n\u00e9ral du patrimoine, elle a \u00e9t\u00e9 responsable pendant des ann\u00e9es de la Biblioth\u00e8que et des Collections de l\u2019\u00c9cole nationale sup\u00e9rieure des Beaux-arts de Paris, o\u00f9 elle a organis\u00e9 de grandes expositions des dessins des architectes Grands Prix de Rome d\u2019architecture.<\/em><\/p>\n","protected":false},"excerpt":{"rendered":"<p>\u00ab\u00a0La vie baln\u00e9aire en baie de Somme<br \/>\nLe Crotoy au temps de Guerlain, Jules Verne, Colette et Toulouse-Lautrec\u00a0\u00bb<br \/>\n168 pages \u00b7 238 images \u00b7 Pr\u00e9face de Claude Mignot, bibliographie, notes, index<br \/>\nFormat 24 x 21\u00a0cm \u00b7 25 \u20ac<br \/>\nISBN : 978-2-917621-12-7<\/p>\n","protected":false},"featured_media":196,"template":"","meta":[],"product_brand":[],"product_cat":[95],"product_tag":[],"class_list":{"0":"post-2009","1":"product","2":"type-product","3":"status-publish","4":"has-post-thumbnail","6":"product_cat-beaux-livres","7":"product_shipping_class-petit","9":"first","10":"instock","11":"shipping-taxable","12":"purchasable","13":"product-type-simple"},"aioseo_notices":[],"_links":{"self":[{"href":"https:\/\/engelaere-editions.com\/blog\/wp-json\/wp\/v2\/product\/2009","targetHints":{"allow":["GET"]}}],"collection":[{"href":"https:\/\/engelaere-editions.com\/blog\/wp-json\/wp\/v2\/product"}],"about":[{"href":"https:\/\/engelaere-editions.com\/blog\/wp-json\/wp\/v2\/types\/product"}],"wp:featuredmedia":[{"embeddable":true,"href":"https:\/\/engelaere-editions.com\/blog\/wp-json\/wp\/v2\/media\/196"}],"wp:attachment":[{"href":"https:\/\/engelaere-editions.com\/blog\/wp-json\/wp\/v2\/media?parent=2009"}],"wp:term":[{"taxonomy":"product_brand","embeddable":true,"href":"https:\/\/engelaere-editions.com\/blog\/wp-json\/wp\/v2\/product_brand?post=2009"},{"taxonomy":"product_cat","embeddable":true,"href":"https:\/\/engelaere-editions.com\/blog\/wp-json\/wp\/v2\/product_cat?post=2009"},{"taxonomy":"product_tag","embeddable":true,"href":"https:\/\/engelaere-editions.com\/blog\/wp-json\/wp\/v2\/product_tag?post=2009"}],"curies":[{"name":"wp","href":"https:\/\/api.w.org\/{rel}","templated":true}]}}