{"id":2002,"date":"2015-12-21T13:35:20","date_gmt":"2015-12-21T12:35:20","guid":{"rendered":"http:\/\/engelaere-editions.com\/blog\/?post_type=product&#038;p=2002"},"modified":"2023-12-16T17:02:42","modified_gmt":"2023-12-16T16:02:42","slug":"lawrence-de-picardie-jean-saintot","status":"publish","type":"product","link":"https:\/\/engelaere-editions.com\/blog\/produit\/lawrence-de-picardie-jean-saintot\/","title":{"rendered":"\u00ab\u00a0Lawrence de Picardie\u00a0\u00bb : Jean Saintot"},"content":{"rendered":"<p>\u00ab\u00a0Mes amis\u00a0! d\u00e9clama Lawrence. Depuis trop longtemps, la Picardie a attendu son heure de gloire. Depuis trop longtemps, nous courbons l\u2019\u00e9chine sous le joug des Francs.<br \/>\n\u00ab\u00a0Voil\u00e0 mille six cents ans que ces barbares bafouent notre droit \u00e0 l\u2019ind\u00e9pendance et \u00e0 la souverainet\u00e9 sur nos ressources naturelles. La Picardie \u00e9tait l\u2019une des r\u00e9gions les plus belles et les plus fertiles d\u2019Europe, et que nous ont apport\u00e9 nos envahisseurs\u00a0? La mis\u00e8re, les guerres et l\u2019imp\u00f4t qui tue. Durant leurs guerres stupides contre Albion ou la Germanie, notre r\u00e9gion fut le champ de bataille de l\u2019Europe enti\u00e8re. Et maintenant, ils cherchent \u00e0 nationaliser nos champs de betteraves\u00a0! \u00c0 nous d\u00e9poss\u00e9der de tout ce que nous avons !\u00a0\u00bb<\/p>\n<blockquote><p><em>L\u2019insurrection g\u00e9n\u00e9rale de la Picardie m\u2019a frapp\u00e9 comme un imp\u00e9ratif litt\u00e9raire et politique. Dans \u00ab\u00a0Lawrence\u00a0\u00bb comme dans notre r\u00e9alit\u00e9, ce ne sont pas les Picards qui rejettent le \u00ab\u00a0syst\u00e8me\u00a0\u00bb, mais la soci\u00e9t\u00e9 qui les rejette dans ses marges. \u00c0 une \u00e9lite qui les m\u00e9prise ou les ignore, ils opposent leur d\u00e9brouillardise, leur sens de l\u2019entraide et leur esprit d\u2019ind\u00e9pendance. L\u2019ind\u00e9pendance des Picards est leur respiration\u00a0: j\u2019ai voulu leur donner un grand bol d\u2019air.<\/em><\/p>\n<p>\u2013 Jean Saintot.<\/p>\n<p>Jean Saintot a 29 ans. Lawrence de Picardie est son premier roman.<\/p><\/blockquote>\n","protected":false},"excerpt":{"rendered":"<p>\u00ab\u00a0Lawrence de Picardie\u00a0\u00bb de Jean Saintot<br \/>\n336 pages \u00b7 Format 12 x 20,5\u00a0cm \u00b7 13,90 \u20ac<br \/>\nISBN : 978-2-917621-34-9<\/p>\n","protected":false},"featured_media":1751,"template":"","meta":[],"product_brand":[],"product_cat":[100],"product_tag":[],"class_list":{"0":"post-2002","1":"product","2":"type-product","3":"status-publish","4":"has-post-thumbnail","6":"product_cat-roman","7":"product_shipping_class-petit","9":"first","10":"instock","11":"shipping-taxable","12":"purchasable","13":"product-type-simple"},"aioseo_notices":[],"_links":{"self":[{"href":"https:\/\/engelaere-editions.com\/blog\/wp-json\/wp\/v2\/product\/2002","targetHints":{"allow":["GET"]}}],"collection":[{"href":"https:\/\/engelaere-editions.com\/blog\/wp-json\/wp\/v2\/product"}],"about":[{"href":"https:\/\/engelaere-editions.com\/blog\/wp-json\/wp\/v2\/types\/product"}],"wp:featuredmedia":[{"embeddable":true,"href":"https:\/\/engelaere-editions.com\/blog\/wp-json\/wp\/v2\/media\/1751"}],"wp:attachment":[{"href":"https:\/\/engelaere-editions.com\/blog\/wp-json\/wp\/v2\/media?parent=2002"}],"wp:term":[{"taxonomy":"product_brand","embeddable":true,"href":"https:\/\/engelaere-editions.com\/blog\/wp-json\/wp\/v2\/product_brand?post=2002"},{"taxonomy":"product_cat","embeddable":true,"href":"https:\/\/engelaere-editions.com\/blog\/wp-json\/wp\/v2\/product_cat?post=2002"},{"taxonomy":"product_tag","embeddable":true,"href":"https:\/\/engelaere-editions.com\/blog\/wp-json\/wp\/v2\/product_tag?post=2002"}],"curies":[{"name":"wp","href":"https:\/\/api.w.org\/{rel}","templated":true}]}}