{"id":2001,"date":"2015-12-21T11:37:45","date_gmt":"2015-12-21T10:37:45","guid":{"rendered":"http:\/\/engelaere-editions.com\/blog\/?post_type=product&#038;p=2001"},"modified":"2023-12-16T17:03:09","modified_gmt":"2023-12-16T16:03:09","slug":"satania-%c2%b7-ame-perdue-chez-jules-verne-claude-tillier","status":"publish","type":"product","link":"https:\/\/engelaere-editions.com\/blog\/produit\/satania-%c2%b7-ame-perdue-chez-jules-verne-claude-tillier\/","title":{"rendered":"Satania \u00b7 \u00c2me perdue chez Jules Verne : Claude Tillier"},"content":{"rendered":"<blockquote><p>Je suis \u00e9crivain et guide \u00e0 la Maison de Jules Verne. Une nuit, un SMS sign\u00e9 Satania m\u2019a emmen\u00e9 au-del\u00e0 du r\u00e9el\u00a0:<br \/>\n<em>Je m\u2019appelle Satania, j\u2019ai 7 ans et demi, cheveux noirs et yeux rouges. Je n\u2019ai pas de nez ni d\u2019oreilles, mais je poss\u00e8de un corps hant\u00e9. Je suis morte en 1666. Si tu n\u2019envoies pas ce message \u00e0 dix personnes \u00e0 part moi dans les cinq prochaines heures et si tu ne fais pas suivre ce message, je resterai, cette nuit, \u00e0 c\u00f4t\u00e9 de ton lit avec un\u00a0 couteau et je te ferai sentir ma pr\u00e9sence. Alors, \u00e0 tout \u00e0 l\u2019heure.<\/em><\/p><\/blockquote>\n<p>N\u00e9 en 1965 au Touquet, <strong>Claude Tillier<\/strong> habite \u00e0 Amiens o\u00f9 il travaille comme guide \u00e0 la Maison de Jules Verne. Il y \u00ab\u2009r\u00e9side\u2009\u00bb depuis une vingtaine d\u2019ann\u00e9es, soit plus longtemps que Jules Verne lui-m\u00eame, et y anime des ateliers d\u2019\u00e9criture. Passionn\u00e9 de litt\u00e9rature de genre, London, King et Dick fa\u00e7onnent son univers.<br \/>\nApr\u00e8s <em>Le Blanc qui voyait noir<\/em>, un roman dramatique et son polar <em>Le Tableau noir<\/em>, voici son premier roman fantastique.<\/p>\n<p>Ouvrage pr\u00e9fac\u00e9 par Jean Verne, arri\u00e8re-petit-fils de Jules Verne.<\/p>\n<div class=\"block-fr3-logo\"><a href=\"http:\/\/france3-regions.francetvinfo.fr\/picardie\/somme\/amiens\/satania-roman-fantastique-chez-jules-verne-923749.html\"><img decoding=\"async\" src=\"http:\/\/france3-regions.francetvinfo.fr\/picardie\/sites\/regions_france3\/themes\/fr3r\/logo.png\" alt=\"Accueil\" \/><\/a><\/div>\n<div class=\"form-item form-type-textfield form-item-search-block-form\">\n<div class=\"fr3-site-title \"><a href=\"http:\/\/france3-regions.francetvinfo.fr\/picardie\/somme\/amiens\/satania-roman-fantastique-chez-jules-verne-923749.html\">Picardie<\/a><\/div>\n<\/div>\n<p><a href=\"http:\/\/france3-regions.francetvinfo.fr\/picardie\/somme\/amiens\/satania-roman-fantastique-chez-jules-verne-923749.html\"><img loading=\"lazy\" decoding=\"async\" id=\"fancybox-img\" class=\"\" src=\"http:\/\/france3-regions.francetvinfo.fr\/picardie\/sites\/regions_france3\/files\/assets\/images\/2016\/02\/08\/satania-roman_claude_tillier_jules_verne.jpg\" alt=\"\" width=\"431\" height=\"242\" \/><\/a><\/p>\n","protected":false},"excerpt":{"rendered":"<p>\u00ab\u00a0Satania \u00b7 \u00c2me perdue chez Jules Verne\u00a0\u00bb<br \/>\n232 pages \u00b7 Format 12 x 20,5\u00a0cm \u00b7 12 \u20ac<br \/>\nISBN : 978-2-917621-30-1<\/p>\n","protected":false},"featured_media":1960,"template":"","meta":[],"product_brand":[],"product_cat":[102,96],"product_tag":[97],"class_list":{"0":"post-2001","1":"product","2":"type-product","3":"status-publish","4":"has-post-thumbnail","6":"product_cat-nouveautes","7":"product_cat-romans-fantastiques","8":"product_tag-romans-fantastiques","9":"product_shipping_class-petit","11":"first","12":"instock","13":"shipping-taxable","14":"purchasable","15":"product-type-simple"},"aioseo_notices":[],"_links":{"self":[{"href":"https:\/\/engelaere-editions.com\/blog\/wp-json\/wp\/v2\/product\/2001","targetHints":{"allow":["GET"]}}],"collection":[{"href":"https:\/\/engelaere-editions.com\/blog\/wp-json\/wp\/v2\/product"}],"about":[{"href":"https:\/\/engelaere-editions.com\/blog\/wp-json\/wp\/v2\/types\/product"}],"wp:featuredmedia":[{"embeddable":true,"href":"https:\/\/engelaere-editions.com\/blog\/wp-json\/wp\/v2\/media\/1960"}],"wp:attachment":[{"href":"https:\/\/engelaere-editions.com\/blog\/wp-json\/wp\/v2\/media?parent=2001"}],"wp:term":[{"taxonomy":"product_brand","embeddable":true,"href":"https:\/\/engelaere-editions.com\/blog\/wp-json\/wp\/v2\/product_brand?post=2001"},{"taxonomy":"product_cat","embeddable":true,"href":"https:\/\/engelaere-editions.com\/blog\/wp-json\/wp\/v2\/product_cat?post=2001"},{"taxonomy":"product_tag","embeddable":true,"href":"https:\/\/engelaere-editions.com\/blog\/wp-json\/wp\/v2\/product_tag?post=2001"}],"curies":[{"name":"wp","href":"https:\/\/api.w.org\/{rel}","templated":true}]}}