{"id":412,"date":"2012-04-04T13:21:15","date_gmt":"2012-04-04T11:21:15","guid":{"rendered":"http:\/\/engelaere-editions.com\/blog\/?page_id=412"},"modified":"2018-11-26T18:35:44","modified_gmt":"2018-11-26T17:35:44","slug":"pour-commander","status":"publish","type":"page","link":"https:\/\/engelaere-editions.com\/blog\/pour-commander\/","title":{"rendered":"Pour commander"},"content":{"rendered":"<blockquote><p>Pour toute question ou demande vous pouvez nous envoyer un mail \u00e0 l&rsquo;adresse suivante : contact@engelaere-editions.com<\/p><\/blockquote>\n<p><span style=\"color: #000080;\"><strong>Commandes particuliers :<\/strong><\/span><br \/>\nNos livres sont disponibles chez les libraires.<br \/>\nIl est n\u00e9anmoins possible de commander les ouvrages directement sur notre site :<\/p>\n<ul>\n<li><a href=\"http:\/\/engelaere-editions.com\/blog\/?page_id=625\">en visitant notre boutique<\/a> ou en cliquant sur le bouton <span style=\"color: #0000ff;\">\u00ab\u00a0ajouter au panier\u00a0\u00bb<\/span> sur la page article de chaque ouvrage, vous b\u00e9n\u00e9ficiez d&rsquo;un paiement s\u00e9curis\u00e9 Paypal.<\/li>\n<\/ul>\n<ul>\n<li>en envoyant un ch\u00e8que accompagn\u00e9 du bon de commande disponible sur la page article de chaque ouvrage.<\/li>\n<\/ul>\n<p><span style=\"color: #000080;\"><strong>Commandes libraires :<\/strong><\/span><br \/>\nIl est possible de commander les ouvrages par fax, par mail ou par courrier sachant que tous nos ouvrages sont r\u00e9f\u00e9renc\u00e9s sur Dilicom et \u00c9lectre. Nous accordons une remise de 35% sur les commandes fermes et 30% sur les d\u00e9p\u00f4ts.<\/p>\n<p><span style=\"color: #000080;\">Nos coordonn\u00e9es :<\/span><br \/>\n<span style=\"color: #000080;\">719, rue de Lambres \u00b7 F-59500 Douai<\/span><br \/>\n<span style=\"color: #000080;\">T\u00e9l. (+33) 0953 68 62 04 \u00b7 Fax (+33) 0972 11 91 23 ou (+33) 0958 68 62 04<br \/>\n<\/span><\/p>\n<address>\u00a0Au plaisir de vous lire !<\/address>\n","protected":false},"excerpt":{"rendered":"<p>Pour toute question ou demande vous pouvez nous envoyer un mail \u00e0 l&rsquo;adresse suivante : contact@engelaere-editions.com Commandes particuliers : Nos livres sont disponibles chez les libraires. Il est n\u00e9anmoins possible de commander les ouvrages directement sur notre site : en visitant notre boutique ou en cliquant sur le bouton \u00ab\u00a0ajouter au panier\u00a0\u00bb sur la page [&hellip;]<\/p>\n","protected":false},"author":75316,"featured_media":0,"parent":0,"menu_order":0,"comment_status":"closed","ping_status":"open","template":"","meta":{"_mc_calendar":[],"footnotes":""},"class_list":["post-412","page","type-page","status-publish","hentry"],"aioseo_notices":[],"_links":{"self":[{"href":"https:\/\/engelaere-editions.com\/blog\/wp-json\/wp\/v2\/pages\/412","targetHints":{"allow":["GET"]}}],"collection":[{"href":"https:\/\/engelaere-editions.com\/blog\/wp-json\/wp\/v2\/pages"}],"about":[{"href":"https:\/\/engelaere-editions.com\/blog\/wp-json\/wp\/v2\/types\/page"}],"author":[{"embeddable":true,"href":"https:\/\/engelaere-editions.com\/blog\/wp-json\/wp\/v2\/users\/75316"}],"replies":[{"embeddable":true,"href":"https:\/\/engelaere-editions.com\/blog\/wp-json\/wp\/v2\/comments?post=412"}],"version-history":[{"count":0,"href":"https:\/\/engelaere-editions.com\/blog\/wp-json\/wp\/v2\/pages\/412\/revisions"}],"wp:attachment":[{"href":"https:\/\/engelaere-editions.com\/blog\/wp-json\/wp\/v2\/media?parent=412"}],"curies":[{"name":"wp","href":"https:\/\/api.w.org\/{rel}","templated":true}]}}