{"id":2189,"date":"2016-02-01T17:36:52","date_gmt":"2016-02-01T16:36:52","guid":{"rendered":"http:\/\/engelaere-editions.com\/blog\/?page_id=2189"},"modified":"2021-12-10T18:37:52","modified_gmt":"2021-12-10T17:37:52","slug":"trilogie-ault-la-ville-engloutie-de-sylvette-mathieu","status":"publish","type":"page","link":"https:\/\/engelaere-editions.com\/blog\/boutique\/trilogie-ault-la-ville-engloutie-de-sylvette-mathieu\/","title":{"rendered":"T\u00e9tralogie saga historique de Sylvette Mathieu"},"content":{"rendered":"<div id=\"attachment_1012\" style=\"width: 200px\" class=\"wp-caption alignleft\"><a href=\"http:\/\/engelaere-editions.com\/blog\/?product=1583-ault-la-ville-engloutie-tome-i-sylvette-mathieu\" rel=\"attachment wp-att-1012\"><img loading=\"lazy\" decoding=\"async\" aria-describedby=\"caption-attachment-1012\" class=\"wp-image-1012\" src=\"http:\/\/engelaere-editions.com\/blog\/wp-content\/uploads\/2012\/04\/9782917621073.jpg\" alt=\"1583, AULT, la ville engloutie\" width=\"190\" height=\"324\" srcset=\"https:\/\/engelaere-editions.com\/blog\/wp-content\/uploads\/2012\/04\/9782917621073.jpg 351w, https:\/\/engelaere-editions.com\/blog\/wp-content\/uploads\/2012\/04\/9782917621073-200x342.jpg 200w, https:\/\/engelaere-editions.com\/blog\/wp-content\/uploads\/2012\/04\/9782917621073-300x513.jpg 300w, https:\/\/engelaere-editions.com\/blog\/wp-content\/uploads\/2012\/04\/9782917621073-234x400.jpg 234w, https:\/\/engelaere-editions.com\/blog\/wp-content\/uploads\/2012\/04\/9782917621073-86x148.jpg 86w, https:\/\/engelaere-editions.com\/blog\/wp-content\/uploads\/2012\/04\/9782917621073-18x31.jpg 18w, https:\/\/engelaere-editions.com\/blog\/wp-content\/uploads\/2012\/04\/9782917621073-22x38.jpg 22w\" sizes=\"auto, (max-width: 190px) 100vw, 190px\" \/><\/a><p id=\"caption-attachment-1012\" class=\"wp-caption-text\"><strong><span style=\"color: #008080;\">TOME I : L&rsquo;EAU La puissance de la mer d\u00e9vastatrice<\/span><\/strong><\/p><\/div>\n<div id=\"attachment_1205\" style=\"width: 200px\" class=\"wp-caption alignleft\"><a href=\"http:\/\/engelaere-editions.com\/blog\/?product=1588-la-terreur-des-seize-tome-ii-sylvette-mathieu\" rel=\"attachment wp-att-1205\"><img loading=\"lazy\" decoding=\"async\" aria-describedby=\"caption-attachment-1205\" class=\"wp-image-1205\" src=\"http:\/\/engelaere-editions.com\/blog\/wp-content\/uploads\/2013\/03\/1588-la-terreur-des-seize-599x1024.jpg\" alt=\"1588 la terreur des seize\" width=\"190\" height=\"325\" srcset=\"https:\/\/engelaere-editions.com\/blog\/wp-content\/uploads\/2013\/03\/1588-la-terreur-des-seize-599x1024.jpg 599w, https:\/\/engelaere-editions.com\/blog\/wp-content\/uploads\/2013\/03\/1588-la-terreur-des-seize-200x342.jpg 200w, https:\/\/engelaere-editions.com\/blog\/wp-content\/uploads\/2013\/03\/1588-la-terreur-des-seize-300x513.jpg 300w, https:\/\/engelaere-editions.com\/blog\/wp-content\/uploads\/2013\/03\/1588-la-terreur-des-seize-234x400.jpg 234w, https:\/\/engelaere-editions.com\/blog\/wp-content\/uploads\/2013\/03\/1588-la-terreur-des-seize-600x1025.jpg 600w, https:\/\/engelaere-editions.com\/blog\/wp-content\/uploads\/2013\/03\/1588-la-terreur-des-seize-86x148.jpg 86w, https:\/\/engelaere-editions.com\/blog\/wp-content\/uploads\/2013\/03\/1588-la-terreur-des-seize-18x31.jpg 18w, https:\/\/engelaere-editions.com\/blog\/wp-content\/uploads\/2013\/03\/1588-la-terreur-des-seize-22x38.jpg 22w, https:\/\/engelaere-editions.com\/blog\/wp-content\/uploads\/2013\/03\/1588-la-terreur-des-seize-125x215.jpg 125w, https:\/\/engelaere-editions.com\/blog\/wp-content\/uploads\/2013\/03\/1588-la-terreur-des-seize.jpg 1417w\" sizes=\"auto, (max-width: 190px) 100vw, 190px\" \/><\/a><p id=\"caption-attachment-1205\" class=\"wp-caption-text\"><span style=\"color: #ff6600;\"><strong>TOME II : L&rsquo;AIR L&rsquo;air pollu\u00e9 de Paris<\/strong><\/span><\/p><\/div>\n<div id=\"attachment_1797\" style=\"width: 201px\" class=\"wp-caption alignleft\"><a href=\"http:\/\/engelaere-editions.com\/blog\/?product=1589-mortelle-tradition-en-dauphine-tome-iii-sylvette-mathieu\" rel=\"attachment wp-att-1797\"><img loading=\"lazy\" decoding=\"async\" aria-describedby=\"caption-attachment-1797\" class=\"wp-image-1797\" src=\"http:\/\/engelaere-editions.com\/blog\/wp-content\/uploads\/2015\/03\/1ere-de-couv-mortelle-599x1024.jpg\" alt=\"1ere de couv mortelle\" width=\"191\" height=\"326\" srcset=\"https:\/\/engelaere-editions.com\/blog\/wp-content\/uploads\/2015\/03\/1ere-de-couv-mortelle-599x1024.jpg 599w, https:\/\/engelaere-editions.com\/blog\/wp-content\/uploads\/2015\/03\/1ere-de-couv-mortelle-200x342.jpg 200w, https:\/\/engelaere-editions.com\/blog\/wp-content\/uploads\/2015\/03\/1ere-de-couv-mortelle-300x513.jpg 300w, https:\/\/engelaere-editions.com\/blog\/wp-content\/uploads\/2015\/03\/1ere-de-couv-mortelle-234x400.jpg 234w, https:\/\/engelaere-editions.com\/blog\/wp-content\/uploads\/2015\/03\/1ere-de-couv-mortelle-87x148.jpg 87w, https:\/\/engelaere-editions.com\/blog\/wp-content\/uploads\/2015\/03\/1ere-de-couv-mortelle-18x31.jpg 18w, https:\/\/engelaere-editions.com\/blog\/wp-content\/uploads\/2015\/03\/1ere-de-couv-mortelle-22x38.jpg 22w, https:\/\/engelaere-editions.com\/blog\/wp-content\/uploads\/2015\/03\/1ere-de-couv-mortelle-126x215.jpg 126w, https:\/\/engelaere-editions.com\/blog\/wp-content\/uploads\/2015\/03\/1ere-de-couv-mortelle-900x1539.jpg 900w, https:\/\/engelaere-editions.com\/blog\/wp-content\/uploads\/2015\/03\/1ere-de-couv-mortelle.jpg 1417w\" sizes=\"auto, (max-width: 191px) 100vw, 191px\" \/><\/a><p id=\"caption-attachment-1797\" class=\"wp-caption-text\"><strong><span style=\"color: #993300;\">TOME III : LA TERRE Les montagnes du Vercors<\/span><\/strong><\/p><\/div>\n<div id=\"attachment_2514\" style=\"width: 204px\" class=\"wp-caption alignleft\"><a href=\"http:\/\/engelaere-editions.com\/blog\/?product=1610-%c2%b7-acadie-le-grand-depart-sylvette-mathieu\"><img loading=\"lazy\" decoding=\"async\" aria-describedby=\"caption-attachment-2514\" class=\"wp-image-2514\" src=\"http:\/\/engelaere-editions.com\/blog\/wp-content\/uploads\/2017\/08\/9782917621400-599x1024.jpg\" alt=\"\" width=\"194\" height=\"331\" srcset=\"https:\/\/engelaere-editions.com\/blog\/wp-content\/uploads\/2017\/08\/9782917621400-599x1024.jpg 599w, https:\/\/engelaere-editions.com\/blog\/wp-content\/uploads\/2017\/08\/9782917621400-200x342.jpg 200w, https:\/\/engelaere-editions.com\/blog\/wp-content\/uploads\/2017\/08\/9782917621400-300x513.jpg 300w, https:\/\/engelaere-editions.com\/blog\/wp-content\/uploads\/2017\/08\/9782917621400-234x400.jpg 234w, https:\/\/engelaere-editions.com\/blog\/wp-content\/uploads\/2017\/08\/9782917621400-768x1312.jpg 768w, https:\/\/engelaere-editions.com\/blog\/wp-content\/uploads\/2017\/08\/9782917621400.jpg 1417w\" sizes=\"auto, (max-width: 194px) 100vw, 194px\" \/><\/a><p id=\"caption-attachment-2514\" class=\"wp-caption-text\"><span style=\"color: #ff0000;\"><strong>TOME IV : LE FEU<\/strong><\/span><\/p><\/div>\n<p>&nbsp;<\/p>\n<p>&nbsp;<\/p>\n<p>&nbsp;<\/p>\n<p>&nbsp;<\/p>\n<p>&nbsp;<\/p>\n<p>&nbsp;<\/p>\n<p>&nbsp;<\/p>\n<p>&nbsp;<\/p>\n<p>&nbsp;<\/p>\n<p>&nbsp;<\/p>\n<p>&nbsp;<\/p>\n<p>&nbsp;<\/p>\n<p>&nbsp;<\/p>\n<p><a href=\"http:\/\/engelaere-editions.com\/blog\/wp-content\/uploads\/2016\/02\/Sylvette-Mathieu.pdf\" rel=\"\">L\u2019\u00c9CLAIREUR MARDI 16 JUIN 2015<\/a><\/p>\n<p><a href=\"http:\/\/engelaere-editions.com\/blog\/wp-content\/uploads\/2016\/02\/d\u00e9dicace-Eu-07.015-Informateur.pdf\" rel=\"\">d\u00e9dicace Eu 07.015 Informateur<\/a><\/p>\n<p><a href=\"http:\/\/engelaere-editions.com\/blog\/wp-content\/uploads\/2016\/02\/auchan-2015.pdf\" rel=\"\">D\u00e9dicace Auchan 2015<\/a><\/p>\n<p><a href=\"http:\/\/engelaere-editions.com\/blog\/wp-content\/uploads\/2016\/02\/Dedicace-PONT-08015-DL-Royans.pdf\" rel=\"\">Dedicace PONT 08.2015 DL Royans<\/a><\/p>\n<p><a href=\"http:\/\/engelaere-editions.com\/blog\/wp-content\/uploads\/2016\/02\/INTERVIEW-07.015-informateur.pdf\" rel=\"\">INTERVIEW 07.015 informateur<\/a><\/p>\n","protected":false},"excerpt":{"rendered":"<p>&nbsp; &nbsp; &nbsp; &nbsp; &nbsp; &nbsp; &nbsp; &nbsp; &nbsp; &nbsp; &nbsp; &nbsp; &nbsp; L\u2019\u00c9CLAIREUR MARDI 16 JUIN 2015 d\u00e9dicace Eu 07.015 Informateur D\u00e9dicace Auchan 2015 Dedicace PONT 08.2015 DL Royans INTERVIEW 07.015 informateur<\/p>\n","protected":false},"author":75316,"featured_media":0,"parent":625,"menu_order":0,"comment_status":"closed","ping_status":"closed","template":"","meta":{"_mc_calendar":[],"footnotes":""},"class_list":["post-2189","page","type-page","status-publish","hentry"],"aioseo_notices":[],"_links":{"self":[{"href":"https:\/\/engelaere-editions.com\/blog\/wp-json\/wp\/v2\/pages\/2189","targetHints":{"allow":["GET"]}}],"collection":[{"href":"https:\/\/engelaere-editions.com\/blog\/wp-json\/wp\/v2\/pages"}],"about":[{"href":"https:\/\/engelaere-editions.com\/blog\/wp-json\/wp\/v2\/types\/page"}],"author":[{"embeddable":true,"href":"https:\/\/engelaere-editions.com\/blog\/wp-json\/wp\/v2\/users\/75316"}],"replies":[{"embeddable":true,"href":"https:\/\/engelaere-editions.com\/blog\/wp-json\/wp\/v2\/comments?post=2189"}],"version-history":[{"count":0,"href":"https:\/\/engelaere-editions.com\/blog\/wp-json\/wp\/v2\/pages\/2189\/revisions"}],"up":[{"embeddable":true,"href":"https:\/\/engelaere-editions.com\/blog\/wp-json\/wp\/v2\/pages\/625"}],"wp:attachment":[{"href":"https:\/\/engelaere-editions.com\/blog\/wp-json\/wp\/v2\/media?parent=2189"}],"curies":[{"name":"wp","href":"https:\/\/api.w.org\/{rel}","templated":true}]}}