{"id":170,"date":"2011-06-24T16:32:54","date_gmt":"2011-06-24T14:32:54","guid":{"rendered":"http:\/\/engelaere-editions.com\/blog\/?page_id=170"},"modified":"2016-02-01T18:26:25","modified_gmt":"2016-02-01T17:26:25","slug":"mentions-legales","status":"publish","type":"page","link":"https:\/\/engelaere-editions.com\/blog\/mentions-legales\/","title":{"rendered":"Mentions l\u00e9gales"},"content":{"rendered":"<div id=\"node-9\">\n<div>\n<h5 style=\"text-align: justify;\">PROPOS DU SITE<\/h5>\n<p style=\"text-align: justify;\">Vous \u00eates actuellement connect\u00e9 au blog d&rsquo;Engelaere Editions, \u00e9diteur d&rsquo;ouvrages r\u00e9gionaux. L\u2019ensemble des donn\u00e9es et les informations pr\u00e9sentes sur ce site sont mises \u00e0 disposition du public par Sandrine et Olivier Engelaere.<\/p>\n<p style=\"text-align: justify;\"><strong>\u00c9diteur :<\/strong><br \/>\nEngelaere Editions\u00a0&#8211;\u00a0719 rue de Lambres\u00a0&#8211; 59500 DOUAI<br \/>\nSiret :\u00a0500 542 774 00012\u00a0&#8211; APE : 5811z \u00c9dition de livres<br \/>\n<strong>Directeur de la publication<\/strong> : Olivier Engelaere<\/p>\n<h5 style=\"text-align: justify;\">PROTECTION DES DONN\u00c9ES PERSONNELLES<\/h5>\n<p style=\"text-align: justify;\">\u2022 Aucune information personnelle n\u2019est collect\u00e9e \u00e0 votre insu<br \/>\n\u2022 Aucune information personnelle n\u2019est c\u00e9d\u00e9e \u00e0 des tiers<br \/>\n\u2022 Aucune information personnelle n\u2019est utilis\u00e9e \u00e0 des fins non pr\u00e9vues<\/p>\n<p style=\"text-align: justify;\">Conform\u00e9ment la loi \u201cInformatique et Libert\u00e9s\u201d du 6 janvier 1978 (art. 34), vous disposez d\u2019un droit d\u2019acc\u00e8s, de modification, de rectification et de suppression des donn\u00e9es qui vous concernent. Pour exercer ce droit, adressez-vous par courrier \u00e0 : Engelaere Editions &#8211; 719 rue de Lambres &#8211; 59500 DOUAI<\/p>\n<h5 style=\"text-align: justify;\">MESSAGERIE<\/h5>\n<p style=\"text-align: justify;\">Les messages envoy\u00e9s sur le r\u00e9seau Internet peuvent \u00eatre intercept\u00e9s. Ne divulguez pas d\u2019informations personnelles inutiles ou sensibles. Si vous souhaitez nous communiquer de telles informations, utilisez la voie postale.<\/p>\n<h5 style=\"text-align: justify;\">RESPONSABILIT\u00c9<\/h5>\n<p style=\"text-align: justify;\">Le contenu et l\u2019environnement des sites ext\u00e9rieurs auxquels le\u00a0blog <a href=\"http:\/\/www.engelaere-editions.com\">www.engelaere-editions.com<\/a> \u00a0peut renvoyer n\u2019engagent pas la responsabilit\u00e9 d&rsquo;Engelaere Editions. Engelaere Editions ne saurait \u00eatre tenu pour responsable d\u2019\u00e9l\u00e9ments qu\u2019il n\u2019aurait pas introduit lui-m\u00eame et qui proviendraient d\u2019actions ext\u00e9rieures ind\u00e9licates.<\/p>\n<p style=\"text-align: justify;\">La consultation du\u00a0blog <a href=\"http:\/\/www.engelaere-editions\">www.engelaere-editions.com<\/a>\u00a0pr\u00e9suppose que l\u2019internaute en accepte les termes et conditions pr\u00e9cis\u00e9s ci-dessus.<\/p>\n<\/div>\n<\/div>\n<p>&nbsp;<\/p>\n","protected":false},"excerpt":{"rendered":"<p>PROPOS DU SITE Vous \u00eates actuellement connect\u00e9 au blog d&rsquo;Engelaere Editions, \u00e9diteur d&rsquo;ouvrages r\u00e9gionaux. L\u2019ensemble des donn\u00e9es et les informations pr\u00e9sentes sur ce site sont mises \u00e0 disposition du public par Sandrine et Olivier Engelaere. \u00c9diteur : Engelaere Editions\u00a0&#8211;\u00a0719 rue de Lambres\u00a0&#8211; 59500 DOUAI Siret :\u00a0500 542 774 00012\u00a0&#8211; APE : 5811z \u00c9dition de livres [&hellip;]<\/p>\n","protected":false},"author":75316,"featured_media":0,"parent":0,"menu_order":2,"comment_status":"closed","ping_status":"closed","template":"","meta":{"_mc_calendar":[],"footnotes":""},"class_list":["post-170","page","type-page","status-publish","hentry"],"aioseo_notices":[],"_links":{"self":[{"href":"https:\/\/engelaere-editions.com\/blog\/wp-json\/wp\/v2\/pages\/170","targetHints":{"allow":["GET"]}}],"collection":[{"href":"https:\/\/engelaere-editions.com\/blog\/wp-json\/wp\/v2\/pages"}],"about":[{"href":"https:\/\/engelaere-editions.com\/blog\/wp-json\/wp\/v2\/types\/page"}],"author":[{"embeddable":true,"href":"https:\/\/engelaere-editions.com\/blog\/wp-json\/wp\/v2\/users\/75316"}],"replies":[{"embeddable":true,"href":"https:\/\/engelaere-editions.com\/blog\/wp-json\/wp\/v2\/comments?post=170"}],"version-history":[{"count":0,"href":"https:\/\/engelaere-editions.com\/blog\/wp-json\/wp\/v2\/pages\/170\/revisions"}],"wp:attachment":[{"href":"https:\/\/engelaere-editions.com\/blog\/wp-json\/wp\/v2\/media?parent=170"}],"curies":[{"name":"wp","href":"https:\/\/api.w.org\/{rel}","templated":true}]}}